{"id":92,"date":"2024-03-18T17:07:08","date_gmt":"2024-03-18T17:07:08","guid":{"rendered":"https:\/\/afambcossio.es\/?page_id=92"},"modified":"2024-05-20T08:36:20","modified_gmt":"2024-05-20T08:36:20","slug":"quien-somos","status":"publish","type":"page","link":"https:\/\/afambcossio.es\/?page_id=92","title":{"rendered":"Quienes somos"},"content":{"rendered":"\n<figure class=\"wp-block-image aligncenter size-full is-resized is-style-default\"><img loading=\"lazy\" decoding=\"async\" width=\"612\" height=\"344\" src=\"https:\/\/afambcossio.es\/wp-content\/uploads\/2024\/03\/bienvenido2.jpg\" alt=\"\" class=\"wp-image-97\" style=\"width:409px;height:auto\" srcset=\"https:\/\/afambcossio.es\/wp-content\/uploads\/2024\/03\/bienvenido2.jpg 612w, https:\/\/afambcossio.es\/wp-content\/uploads\/2024\/03\/bienvenido2-300x169.jpg 300w\" sizes=\"auto, (max-width: 612px) 100vw, 612px\" \/><\/figure>\n\n\n\n<h2 class=\"wp-block-heading\">Carta de bienvenida<\/h2>\n\n\n\n<p>Estimadas familias y representantes del Centro.<\/p>\n\n\n\n<p>En nombre de la <strong><em>A<\/em><\/strong><em>sociaci\u00f3n de <strong>F<\/strong>amilias de <strong>A<\/strong>lumnos<\/em> del Colegio Manuel Bartolom\u00e9 Coss\u00edo en Fuenlabrada, queremos <strong>SALUDAR CORDIALMENTE Y PRESENTARNOS<\/strong>, a todas las familias as\u00ed como al equipo directivo, docente y trabajadores del Centro.<\/p>\n\n\n\n<p>Hemos conformado un grupo activo y comprometido, integrado por padres y madres de perfiles personales y profesionales diversos, siendo esta nuestra gran fortaleza, con un fin com\u00fan, procurar con ayuda de todos y todas, conseguir la excelencia en la educaci\u00f3n proporcionada a nuestros hijos e hijas y la mejora en su entorno a todos los niveles, y creemos firmemente en poder lograrlo con la ayuda y colaboraci\u00f3n de todos\/as.<\/p>\n\n\n\n<p><strong>S\u00cd,<\/strong> est\u00e1is leyendo bien, <strong>VAN A COEXISTIR<\/strong> en este Centro dos asociaciones, por un lado, la AMPA que todos conoc\u00e9is y por otro, nuestra AFA, de nueva creaci\u00f3n. Nuestra asociaci\u00f3n tiene como objetivo principal que la educaci\u00f3n de nuestros hijos sea la mejor posible. Buscamos la implicaci\u00f3n tanto de las familias como del propio centro, para conseguir que la comunidad educativa opere con eficacia y eficiencia, aportando ideas, propuestas y por qu\u00e9 no, <strong>SOLUCIONES,<\/strong> que respondan a inquietudes sugeridas en el seno de las familias y que nos llegan por distintos canales de comunicaci\u00f3n. Para que esto se cumpla y podamos materializar nuestros objetivos, padres\/madres\/tutores legales, <strong>OS NECESITAMOS, <\/strong>teniendo<strong> VOZ <\/strong>y una mayor representaci\u00f3n en el Consejo Escolar y ante el Centro.<\/p>\n\n\n\n<p>Intentaremos canalizar la representatividad de la opini\u00f3n de padres\/madres\/tutores legales, funcionando como un foro de debate e ideas haci\u00e9ndolas fluir, de tal manera que, incidan en el buen funcionamiento del colegio. Todo ello, <strong>intentando favorecer la convivencia en colaboraci\u00f3n con los equipos directivo y docente del Colegio.<\/strong><\/p>\n\n\n\n<p>Somos una asociaci\u00f3n sin \u00e1nimo de lucro, donde concebimos los AMPAS o AFAS como parte fundamental de la comunidad educativa, donde podamos ejercer de altavoces y mediadores de los padres\/madres\/tutores legales respecto del centro y otras instituciones p\u00fablicas o privadas, favoreciendo la convivencia de todos los agentes de la comunidad educativa (padres\/madres\/tutores legales, instituciones, equipo directivo y docente entre otros).<\/p>\n\n\n\n<p>Solicitaremos ante las instituciones p\u00fablicas y\/o privadas subvenciones, de las cuales ser\u00e9is informados y cuyo destino ser\u00e1 decidido en Junta.<\/p>\n\n\n\n<p>Finalmente, pero no por ello menos importante, realizaremos actividades extraescolares, l\u00fadicas, talleres, y eventos para recaudar fondos como mercadillos, fiestas de fin de curso, carnavales, etc\u2026<\/p>\n\n\n\n<p>Nos gustar\u00eda escuchar vuestras ideas, opiniones y sugerencias y por supuesto tambi\u00e9n animaros a una participaci\u00f3n, consideramos un activo s\u00faper valioso la implicaci\u00f3n de las familias en el proceso educativo y funcionamiento del centro.<\/p>\n\n\n\n<p>Esperamos poder compartir una experiencia educativa satisfactoria, llena de \u00e9xitos y aprendizaje para todos y todas.<\/p>\n\n\n\n<p><em>\u201cReunirse es un comienzo, permanecer juntos es un progreso, trabajar juntos es un \u00e9xito\u201d<\/em> <em>Henry Ford.<\/em><\/p>\n\n\n\n<p>Reciban un atento saludo.<\/p>\n\n\n\n<p class=\"has-text-align-center\">Fuenlabrada a 15 de Marzo de 2024<\/p>\n\n\n\n<p class=\"has-text-align-center\">Junta Directiva AFA del Colegio Manuel Bartolom\u00e9 Coss\u00edo.<\/p>\n","protected":false},"excerpt":{"rendered":"<p>Carta de bienvenida Estimadas familias y representantes del Centro. En nombre de la Asociaci\u00f3n de Familias de Alumnos del Colegio [&hellip;]<\/p>\n","protected":false},"author":1,"featured_media":0,"parent":0,"menu_order":0,"comment_status":"closed","ping_status":"closed","template":"","meta":{"site-sidebar-layout":"default","site-content-layout":"","ast-site-content-layout":"","site-content-style":"default","site-sidebar-style":"default","ast-global-header-display":"","ast-banner-title-visibility":"","ast-main-header-display":"","ast-hfb-above-header-display":"","ast-hfb-below-header-display":"","ast-hfb-mobile-header-display":"","site-post-title":"","ast-breadcrumbs-content":"","ast-featured-img":"","footer-sml-layout":"","theme-transparent-header-meta":"","adv-header-id-meta":"","stick-header-meta":"","header-above-stick-meta":"","header-main-stick-meta":"","header-below-stick-meta":"","astra-migrate-meta-layouts":"default","ast-page-background-enabled":"default","ast-page-background-meta":{"desktop":{"background-color":"var(--ast-global-color-4)","background-image":"","background-repeat":"repeat","background-position":"center center","background-size":"auto","background-attachment":"scroll","background-type":"","background-media":"","overlay-type":"","overlay-color":"","overlay-gradient":""},"tablet":{"background-color":"","background-image":"","background-repeat":"repeat","background-position":"center center","background-size":"auto","background-attachment":"scroll","background-type":"","background-media":"","overlay-type":"","overlay-color":"","overlay-gradient":""},"mobile":{"background-color":"","background-image":"","background-repeat":"repeat","background-position":"center center","background-size":"auto","background-attachment":"scroll","background-type":"","background-media":"","overlay-type":"","overlay-color":"","overlay-gradient":""}},"ast-content-background-meta":{"desktop":{"background-color":"var(--ast-global-color-5)","background-image":"","background-repeat":"repeat","background-position":"center center","background-size":"auto","background-attachment":"scroll","background-type":"","background-media":"","overlay-type":"","overlay-color":"","overlay-gradient":""},"tablet":{"background-color":"var(--ast-global-color-5)","background-image":"","background-repeat":"repeat","background-position":"center center","background-size":"auto","background-attachment":"scroll","background-type":"","background-media":"","overlay-type":"","overlay-color":"","overlay-gradient":""},"mobile":{"background-color":"var(--ast-global-color-5)","background-image":"","background-repeat":"repeat","background-position":"center center","background-size":"auto","background-attachment":"scroll","background-type":"","background-media":"","overlay-type":"","overlay-color":"","overlay-gradient":""}},"footnotes":""},"class_list":["post-92","page","type-page","status-publish","hentry"],"yoast_head":"<!-- This site is optimized with the Yoast SEO plugin v22.7 - https:\/\/yoast.com\/wordpress\/plugins\/seo\/ -->\n<title>Quienes somos - AFA MB Cossio<\/title>\n<meta name=\"robots\" content=\"index, follow, max-snippet:-1, max-image-preview:large, max-video-preview:-1\" \/>\n<link rel=\"canonical\" href=\"https:\/\/afambcossio.es\/?page_id=92\" \/>\n<meta property=\"og:locale\" content=\"es_ES\" \/>\n<meta property=\"og:type\" content=\"article\" \/>\n<meta property=\"og:title\" content=\"Quienes somos - AFA MB Cossio\" \/>\n<meta property=\"og:description\" content=\"Carta de bienvenida Estimadas familias y representantes del Centro. En nombre de la Asociaci\u00f3n de Familias de Alumnos del Colegio [&hellip;]\" \/>\n<meta property=\"og:url\" content=\"https:\/\/afambcossio.es\/?page_id=92\" \/>\n<meta property=\"og:site_name\" content=\"AFA MB Cossio\" \/>\n<meta property=\"article:modified_time\" content=\"2024-05-20T08:36:20+00:00\" \/>\n<meta property=\"og:image\" content=\"https:\/\/afambcossio.es\/wp-content\/uploads\/2024\/03\/bienvenido2.jpg\" \/>\n<meta name=\"twitter:card\" content=\"summary_large_image\" \/>\n<meta name=\"twitter:label1\" content=\"Tiempo de lectura\" \/>\n\t<meta name=\"twitter:data1\" content=\"3 minutos\" \/>\n<script type=\"application\/ld+json\" class=\"yoast-schema-graph\">{\"@context\":\"https:\/\/schema.org\",\"@graph\":[{\"@type\":\"WebPage\",\"@id\":\"https:\/\/afambcossio.es\/?page_id=92\",\"url\":\"https:\/\/afambcossio.es\/?page_id=92\",\"name\":\"Quienes somos - AFA MB Cossio\",\"isPartOf\":{\"@id\":\"https:\/\/afambcossio.es\/#website\"},\"primaryImageOfPage\":{\"@id\":\"https:\/\/afambcossio.es\/?page_id=92#primaryimage\"},\"image\":{\"@id\":\"https:\/\/afambcossio.es\/?page_id=92#primaryimage\"},\"thumbnailUrl\":\"https:\/\/afambcossio.es\/wp-content\/uploads\/2024\/03\/bienvenido2.jpg\",\"datePublished\":\"2024-03-18T17:07:08+00:00\",\"dateModified\":\"2024-05-20T08:36:20+00:00\",\"breadcrumb\":{\"@id\":\"https:\/\/afambcossio.es\/?page_id=92#breadcrumb\"},\"inLanguage\":\"es\",\"potentialAction\":[{\"@type\":\"ReadAction\",\"target\":[\"https:\/\/afambcossio.es\/?page_id=92\"]}]},{\"@type\":\"ImageObject\",\"inLanguage\":\"es\",\"@id\":\"https:\/\/afambcossio.es\/?page_id=92#primaryimage\",\"url\":\"https:\/\/afambcossio.es\/wp-content\/uploads\/2024\/03\/bienvenido2.jpg\",\"contentUrl\":\"https:\/\/afambcossio.es\/wp-content\/uploads\/2024\/03\/bienvenido2.jpg\",\"width\":612,\"height\":344,\"caption\":\"Description\u2009* BIENVENIDO blue typography banner (WELCOME in Spanish) with translations into various languages\"},{\"@type\":\"BreadcrumbList\",\"@id\":\"https:\/\/afambcossio.es\/?page_id=92#breadcrumb\",\"itemListElement\":[{\"@type\":\"ListItem\",\"position\":1,\"name\":\"Portada\",\"item\":\"https:\/\/afambcossio.es\/\"},{\"@type\":\"ListItem\",\"position\":2,\"name\":\"Quienes somos\"}]},{\"@type\":\"WebSite\",\"@id\":\"https:\/\/afambcossio.es\/#website\",\"url\":\"https:\/\/afambcossio.es\/\",\"name\":\"AFA MB Cossio\",\"description\":\"Un AFA para unirnos a tod@s\",\"publisher\":{\"@id\":\"https:\/\/afambcossio.es\/#organization\"},\"potentialAction\":[{\"@type\":\"SearchAction\",\"target\":{\"@type\":\"EntryPoint\",\"urlTemplate\":\"https:\/\/afambcossio.es\/?s={search_term_string}\"},\"query-input\":\"required name=search_term_string\"}],\"inLanguage\":\"es\"},{\"@type\":\"Organization\",\"@id\":\"https:\/\/afambcossio.es\/#organization\",\"name\":\"AFA MB Cossio\",\"url\":\"https:\/\/afambcossio.es\/\",\"logo\":{\"@type\":\"ImageObject\",\"inLanguage\":\"es\",\"@id\":\"https:\/\/afambcossio.es\/#\/schema\/logo\/image\/\",\"url\":\"https:\/\/afambcossio.es\/wp-content\/uploads\/2024\/02\/logo.png\",\"contentUrl\":\"https:\/\/afambcossio.es\/wp-content\/uploads\/2024\/02\/logo.png\",\"width\":261,\"height\":295,\"caption\":\"AFA MB Cossio\"},\"image\":{\"@id\":\"https:\/\/afambcossio.es\/#\/schema\/logo\/image\/\"}}]}<\/script>\n<!-- \/ Yoast SEO plugin. -->","yoast_head_json":{"title":"Quienes somos - AFA MB Cossio","robots":{"index":"index","follow":"follow","max-snippet":"max-snippet:-1","max-image-preview":"max-image-preview:large","max-video-preview":"max-video-preview:-1"},"canonical":"https:\/\/afambcossio.es\/?page_id=92","og_locale":"es_ES","og_type":"article","og_title":"Quienes somos - AFA MB Cossio","og_description":"Carta de bienvenida Estimadas familias y representantes del Centro. En nombre de la Asociaci\u00f3n de Familias de Alumnos del Colegio [&hellip;]","og_url":"https:\/\/afambcossio.es\/?page_id=92","og_site_name":"AFA MB Cossio","article_modified_time":"2024-05-20T08:36:20+00:00","og_image":[{"url":"https:\/\/afambcossio.es\/wp-content\/uploads\/2024\/03\/bienvenido2.jpg"}],"twitter_card":"summary_large_image","twitter_misc":{"Tiempo de lectura":"3 minutos"},"schema":{"@context":"https:\/\/schema.org","@graph":[{"@type":"WebPage","@id":"https:\/\/afambcossio.es\/?page_id=92","url":"https:\/\/afambcossio.es\/?page_id=92","name":"Quienes somos - AFA MB Cossio","isPartOf":{"@id":"https:\/\/afambcossio.es\/#website"},"primaryImageOfPage":{"@id":"https:\/\/afambcossio.es\/?page_id=92#primaryimage"},"image":{"@id":"https:\/\/afambcossio.es\/?page_id=92#primaryimage"},"thumbnailUrl":"https:\/\/afambcossio.es\/wp-content\/uploads\/2024\/03\/bienvenido2.jpg","datePublished":"2024-03-18T17:07:08+00:00","dateModified":"2024-05-20T08:36:20+00:00","breadcrumb":{"@id":"https:\/\/afambcossio.es\/?page_id=92#breadcrumb"},"inLanguage":"es","potentialAction":[{"@type":"ReadAction","target":["https:\/\/afambcossio.es\/?page_id=92"]}]},{"@type":"ImageObject","inLanguage":"es","@id":"https:\/\/afambcossio.es\/?page_id=92#primaryimage","url":"https:\/\/afambcossio.es\/wp-content\/uploads\/2024\/03\/bienvenido2.jpg","contentUrl":"https:\/\/afambcossio.es\/wp-content\/uploads\/2024\/03\/bienvenido2.jpg","width":612,"height":344,"caption":"Description\u2009* BIENVENIDO blue typography banner (WELCOME in Spanish) with translations into various languages"},{"@type":"BreadcrumbList","@id":"https:\/\/afambcossio.es\/?page_id=92#breadcrumb","itemListElement":[{"@type":"ListItem","position":1,"name":"Portada","item":"https:\/\/afambcossio.es\/"},{"@type":"ListItem","position":2,"name":"Quienes somos"}]},{"@type":"WebSite","@id":"https:\/\/afambcossio.es\/#website","url":"https:\/\/afambcossio.es\/","name":"AFA MB Cossio","description":"Un AFA para unirnos a tod@s","publisher":{"@id":"https:\/\/afambcossio.es\/#organization"},"potentialAction":[{"@type":"SearchAction","target":{"@type":"EntryPoint","urlTemplate":"https:\/\/afambcossio.es\/?s={search_term_string}"},"query-input":"required name=search_term_string"}],"inLanguage":"es"},{"@type":"Organization","@id":"https:\/\/afambcossio.es\/#organization","name":"AFA MB Cossio","url":"https:\/\/afambcossio.es\/","logo":{"@type":"ImageObject","inLanguage":"es","@id":"https:\/\/afambcossio.es\/#\/schema\/logo\/image\/","url":"https:\/\/afambcossio.es\/wp-content\/uploads\/2024\/02\/logo.png","contentUrl":"https:\/\/afambcossio.es\/wp-content\/uploads\/2024\/02\/logo.png","width":261,"height":295,"caption":"AFA MB Cossio"},"image":{"@id":"https:\/\/afambcossio.es\/#\/schema\/logo\/image\/"}}]}},"_links":{"self":[{"href":"https:\/\/afambcossio.es\/index.php?rest_route=\/wp\/v2\/pages\/92","targetHints":{"allow":["GET"]}}],"collection":[{"href":"https:\/\/afambcossio.es\/index.php?rest_route=\/wp\/v2\/pages"}],"about":[{"href":"https:\/\/afambcossio.es\/index.php?rest_route=\/wp\/v2\/types\/page"}],"author":[{"embeddable":true,"href":"https:\/\/afambcossio.es\/index.php?rest_route=\/wp\/v2\/users\/1"}],"replies":[{"embeddable":true,"href":"https:\/\/afambcossio.es\/index.php?rest_route=%2Fwp%2Fv2%2Fcomments&post=92"}],"version-history":[{"count":6,"href":"https:\/\/afambcossio.es\/index.php?rest_route=\/wp\/v2\/pages\/92\/revisions"}],"predecessor-version":[{"id":171,"href":"https:\/\/afambcossio.es\/index.php?rest_route=\/wp\/v2\/pages\/92\/revisions\/171"}],"wp:attachment":[{"href":"https:\/\/afambcossio.es\/index.php?rest_route=%2Fwp%2Fv2%2Fmedia&parent=92"}],"curies":[{"name":"wp","href":"https:\/\/api.w.org\/{rel}","templated":true}]}}