{"id":75,"date":"2024-03-18T16:36:43","date_gmt":"2024-03-18T16:36:43","guid":{"rendered":"https:\/\/afambcossio.es\/?page_id=75"},"modified":"2024-05-20T09:17:49","modified_gmt":"2024-05-20T09:17:49","slug":"index","status":"publish","type":"page","link":"https:\/\/afambcossio.es\/","title":{"rendered":"Index"},"content":{"rendered":"\n<h2 class=\"wp-block-heading\">Te necesitamos<\/h2>\n\n\n\n<figure class=\"wp-block-image aligncenter size-full\"><img loading=\"lazy\" decoding=\"async\" width=\"650\" height=\"471\" src=\"https:\/\/afambcossio.es\/wp-content\/uploads\/2024\/05\/te_necesitamos.jpg\" alt=\"\" class=\"wp-image-172\" srcset=\"https:\/\/afambcossio.es\/wp-content\/uploads\/2024\/05\/te_necesitamos.jpg 650w, https:\/\/afambcossio.es\/wp-content\/uploads\/2024\/05\/te_necesitamos-300x217.jpg 300w\" sizes=\"auto, (max-width: 650px) 100vw, 650px\" \/><\/figure>\n\n\n\n<p class=\"has-text-align-center\"><em>\u201cReunirse es un comienzo, permanecer juntos es un progreso, trabajar juntos es un \u00e9xito\u201d<\/em>, Henry Ford<\/p>\n\n\n\n<div class=\"wp-block-columns is-layout-flex wp-container-core-columns-is-layout-28f84493 wp-block-columns-is-layout-flex\">\n<div class=\"wp-block-column is-layout-flow wp-block-column-is-layout-flow\">\n<p class=\"has-text-align-center\"><a href=\"https:\/\/afambcossio.es\/?page_id=92\">Qui\u00e9n somos?<\/a><\/p>\n\n\n\n<figure class=\"wp-block-image aligncenter size-full is-resized\"><a href=\"https:\/\/afambcossio.es\/?page_id=92\"><img loading=\"lazy\" decoding=\"async\" width=\"292\" height=\"290\" src=\"https:\/\/afambcossio.es\/wp-content\/uploads\/2024\/03\/quien_somos_logo.png\" alt=\"\" class=\"wp-image-80\" style=\"width:77px;height:auto\" srcset=\"https:\/\/afambcossio.es\/wp-content\/uploads\/2024\/03\/quien_somos_logo.png 292w, https:\/\/afambcossio.es\/wp-content\/uploads\/2024\/03\/quien_somos_logo-150x150.png 150w\" sizes=\"auto, (max-width: 292px) 100vw, 292px\" \/><\/a><\/figure>\n\n\n\n<p class=\"has-text-align-center\">Somos grupo de familias activo y comprometido, integrado por padres y madres de perfiles personales y profesionales diversos, siendo esta nuestra gran fortaleza, con un fin com\u00fan, procurar con ayuda de todos y todas, conseguir la excelencia en la educaci\u00f3n proporcionada<\/p>\n<\/div>\n\n\n\n<div class=\"wp-block-column is-layout-flow wp-block-column-is-layout-flow\">\n<p class=\"has-text-align-center\"><a href=\"https:\/\/afambcossio.es\/?page_id=113\">\u00danete a nosotros<\/a><\/p>\n\n\n\n<figure class=\"wp-block-image aligncenter size-full is-resized\"><a href=\"https:\/\/afambcossio.es\/?page_id=113\"><img loading=\"lazy\" decoding=\"async\" width=\"252\" height=\"290\" src=\"https:\/\/afambcossio.es\/wp-content\/uploads\/2024\/03\/unete_logo.png\" alt=\"\" class=\"wp-image-81\" style=\"width:73px;height:auto\"\/><\/a><\/figure>\n\n\n\n<p class=\"has-text-align-center\">Estaremos encantados de recibir tu colaboraci\u00f3n y participaci\u00f3n. Escr\u00edbenos un correo y cu\u00e9ntanos, seguro que encontramos un \u00e1rea en la que tu ayuda ser\u00e1 esencial.<\/p>\n<\/div>\n<\/div>\n\n\n\n<figure class=\"wp-block-image aligncenter size-full is-resized\"><a href=\"https:\/\/confapamadrid.blogspot.com\/\"><img loading=\"lazy\" decoding=\"async\" width=\"400\" height=\"400\" src=\"https:\/\/afambcossio.es\/wp-content\/uploads\/2024\/03\/confapa.jpg\" alt=\"\" class=\"wp-image-133\" style=\"width:182px;height:auto\" srcset=\"https:\/\/afambcossio.es\/wp-content\/uploads\/2024\/03\/confapa.jpg 400w, https:\/\/afambcossio.es\/wp-content\/uploads\/2024\/03\/confapa-300x300.jpg 300w, https:\/\/afambcossio.es\/wp-content\/uploads\/2024\/03\/confapa-150x150.jpg 150w\" sizes=\"auto, (max-width: 400px) 100vw, 400px\" \/><\/a><\/figure>\n","protected":false},"excerpt":{"rendered":"<p>Te necesitamos \u201cReunirse es un comienzo, permanecer juntos es un progreso, trabajar juntos es un \u00e9xito\u201d, Henry Ford Qui\u00e9n somos? [&hellip;]<\/p>\n","protected":false},"author":1,"featured_media":0,"parent":0,"menu_order":0,"comment_status":"closed","ping_status":"closed","template":"","meta":{"site-sidebar-layout":"default","site-content-layout":"","ast-site-content-layout":"","site-content-style":"default","site-sidebar-style":"default","ast-global-header-display":"","ast-banner-title-visibility":"","ast-main-header-display":"","ast-hfb-above-header-display":"","ast-hfb-below-header-display":"","ast-hfb-mobile-header-display":"","site-post-title":"disabled","ast-breadcrumbs-content":"","ast-featured-img":"","footer-sml-layout":"","theme-transparent-header-meta":"","adv-header-id-meta":"","stick-header-meta":"","header-above-stick-meta":"","header-main-stick-meta":"","header-below-stick-meta":"","astra-migrate-meta-layouts":"default","ast-page-background-enabled":"default","ast-page-background-meta":{"desktop":{"background-color":"var(--ast-global-color-4)","background-image":"","background-repeat":"repeat","background-position":"center center","background-size":"auto","background-attachment":"scroll","background-type":"","background-media":"","overlay-type":"","overlay-color":"","overlay-gradient":""},"tablet":{"background-color":"","background-image":"","background-repeat":"repeat","background-position":"center center","background-size":"auto","background-attachment":"scroll","background-type":"","background-media":"","overlay-type":"","overlay-color":"","overlay-gradient":""},"mobile":{"background-color":"","background-image":"","background-repeat":"repeat","background-position":"center center","background-size":"auto","background-attachment":"scroll","background-type":"","background-media":"","overlay-type":"","overlay-color":"","overlay-gradient":""}},"ast-content-background-meta":{"desktop":{"background-color":"var(--ast-global-color-5)","background-image":"","background-repeat":"repeat","background-position":"center center","background-size":"auto","background-attachment":"scroll","background-type":"","background-media":"","overlay-type":"","overlay-color":"","overlay-gradient":""},"tablet":{"background-color":"var(--ast-global-color-5)","background-image":"","background-repeat":"repeat","background-position":"center center","background-size":"auto","background-attachment":"scroll","background-type":"","background-media":"","overlay-type":"","overlay-color":"","overlay-gradient":""},"mobile":{"background-color":"var(--ast-global-color-5)","background-image":"","background-repeat":"repeat","background-position":"center center","background-size":"auto","background-attachment":"scroll","background-type":"","background-media":"","overlay-type":"","overlay-color":"","overlay-gradient":""}},"footnotes":""},"class_list":["post-75","page","type-page","status-publish","hentry"],"yoast_head":"<!-- This site is optimized with the Yoast SEO plugin v22.7 - https:\/\/yoast.com\/wordpress\/plugins\/seo\/ -->\n<title>Index - AFA MB Cossio<\/title>\n<meta name=\"robots\" content=\"index, follow, max-snippet:-1, max-image-preview:large, max-video-preview:-1\" \/>\n<link rel=\"canonical\" href=\"https:\/\/afambcossio.es\/\" \/>\n<meta property=\"og:locale\" content=\"es_ES\" \/>\n<meta property=\"og:type\" content=\"article\" \/>\n<meta property=\"og:title\" content=\"Index - AFA MB Cossio\" \/>\n<meta property=\"og:description\" content=\"Te necesitamos \u201cReunirse es un comienzo, permanecer juntos es un progreso, trabajar juntos es un \u00e9xito\u201d, Henry Ford Qui\u00e9n somos? [&hellip;]\" \/>\n<meta property=\"og:url\" content=\"https:\/\/afambcossio.es\/\" \/>\n<meta property=\"og:site_name\" content=\"AFA MB Cossio\" \/>\n<meta property=\"article:modified_time\" content=\"2024-05-20T09:17:49+00:00\" \/>\n<meta property=\"og:image\" content=\"https:\/\/afambcossio.es\/wp-content\/uploads\/2024\/05\/te_necesitamos.jpg\" \/>\n<meta name=\"twitter:card\" content=\"summary_large_image\" \/>\n<meta name=\"twitter:label1\" content=\"Tiempo de lectura\" \/>\n\t<meta name=\"twitter:data1\" content=\"2 minutos\" \/>\n<script type=\"application\/ld+json\" class=\"yoast-schema-graph\">{\"@context\":\"https:\/\/schema.org\",\"@graph\":[{\"@type\":\"WebPage\",\"@id\":\"https:\/\/afambcossio.es\/\",\"url\":\"https:\/\/afambcossio.es\/\",\"name\":\"Index - AFA MB Cossio\",\"isPartOf\":{\"@id\":\"https:\/\/afambcossio.es\/#website\"},\"primaryImageOfPage\":{\"@id\":\"https:\/\/afambcossio.es\/#primaryimage\"},\"image\":{\"@id\":\"https:\/\/afambcossio.es\/#primaryimage\"},\"thumbnailUrl\":\"https:\/\/afambcossio.es\/wp-content\/uploads\/2024\/05\/te_necesitamos.jpg\",\"datePublished\":\"2024-03-18T16:36:43+00:00\",\"dateModified\":\"2024-05-20T09:17:49+00:00\",\"breadcrumb\":{\"@id\":\"https:\/\/afambcossio.es\/#breadcrumb\"},\"inLanguage\":\"es\",\"potentialAction\":[{\"@type\":\"ReadAction\",\"target\":[\"https:\/\/afambcossio.es\/\"]}]},{\"@type\":\"ImageObject\",\"inLanguage\":\"es\",\"@id\":\"https:\/\/afambcossio.es\/#primaryimage\",\"url\":\"https:\/\/afambcossio.es\/wp-content\/uploads\/2024\/05\/te_necesitamos.jpg\",\"contentUrl\":\"https:\/\/afambcossio.es\/wp-content\/uploads\/2024\/05\/te_necesitamos.jpg\",\"width\":650,\"height\":471},{\"@type\":\"BreadcrumbList\",\"@id\":\"https:\/\/afambcossio.es\/#breadcrumb\",\"itemListElement\":[{\"@type\":\"ListItem\",\"position\":1,\"name\":\"Portada\",\"item\":\"https:\/\/afambcossio.es\/\"},{\"@type\":\"ListItem\",\"position\":2,\"name\":\"Index\"}]},{\"@type\":\"WebSite\",\"@id\":\"https:\/\/afambcossio.es\/#website\",\"url\":\"https:\/\/afambcossio.es\/\",\"name\":\"AFA MB Cossio\",\"description\":\"Un AFA para unirnos a tod@s\",\"publisher\":{\"@id\":\"https:\/\/afambcossio.es\/#organization\"},\"potentialAction\":[{\"@type\":\"SearchAction\",\"target\":{\"@type\":\"EntryPoint\",\"urlTemplate\":\"https:\/\/afambcossio.es\/?s={search_term_string}\"},\"query-input\":\"required name=search_term_string\"}],\"inLanguage\":\"es\"},{\"@type\":\"Organization\",\"@id\":\"https:\/\/afambcossio.es\/#organization\",\"name\":\"AFA MB Cossio\",\"url\":\"https:\/\/afambcossio.es\/\",\"logo\":{\"@type\":\"ImageObject\",\"inLanguage\":\"es\",\"@id\":\"https:\/\/afambcossio.es\/#\/schema\/logo\/image\/\",\"url\":\"https:\/\/afambcossio.es\/wp-content\/uploads\/2024\/02\/logo.png\",\"contentUrl\":\"https:\/\/afambcossio.es\/wp-content\/uploads\/2024\/02\/logo.png\",\"width\":261,\"height\":295,\"caption\":\"AFA MB Cossio\"},\"image\":{\"@id\":\"https:\/\/afambcossio.es\/#\/schema\/logo\/image\/\"}}]}<\/script>\n<!-- \/ Yoast SEO plugin. -->","yoast_head_json":{"title":"Index - AFA MB Cossio","robots":{"index":"index","follow":"follow","max-snippet":"max-snippet:-1","max-image-preview":"max-image-preview:large","max-video-preview":"max-video-preview:-1"},"canonical":"https:\/\/afambcossio.es\/","og_locale":"es_ES","og_type":"article","og_title":"Index - AFA MB Cossio","og_description":"Te necesitamos \u201cReunirse es un comienzo, permanecer juntos es un progreso, trabajar juntos es un \u00e9xito\u201d, Henry Ford Qui\u00e9n somos? [&hellip;]","og_url":"https:\/\/afambcossio.es\/","og_site_name":"AFA MB Cossio","article_modified_time":"2024-05-20T09:17:49+00:00","og_image":[{"url":"https:\/\/afambcossio.es\/wp-content\/uploads\/2024\/05\/te_necesitamos.jpg"}],"twitter_card":"summary_large_image","twitter_misc":{"Tiempo de lectura":"2 minutos"},"schema":{"@context":"https:\/\/schema.org","@graph":[{"@type":"WebPage","@id":"https:\/\/afambcossio.es\/","url":"https:\/\/afambcossio.es\/","name":"Index - AFA MB Cossio","isPartOf":{"@id":"https:\/\/afambcossio.es\/#website"},"primaryImageOfPage":{"@id":"https:\/\/afambcossio.es\/#primaryimage"},"image":{"@id":"https:\/\/afambcossio.es\/#primaryimage"},"thumbnailUrl":"https:\/\/afambcossio.es\/wp-content\/uploads\/2024\/05\/te_necesitamos.jpg","datePublished":"2024-03-18T16:36:43+00:00","dateModified":"2024-05-20T09:17:49+00:00","breadcrumb":{"@id":"https:\/\/afambcossio.es\/#breadcrumb"},"inLanguage":"es","potentialAction":[{"@type":"ReadAction","target":["https:\/\/afambcossio.es\/"]}]},{"@type":"ImageObject","inLanguage":"es","@id":"https:\/\/afambcossio.es\/#primaryimage","url":"https:\/\/afambcossio.es\/wp-content\/uploads\/2024\/05\/te_necesitamos.jpg","contentUrl":"https:\/\/afambcossio.es\/wp-content\/uploads\/2024\/05\/te_necesitamos.jpg","width":650,"height":471},{"@type":"BreadcrumbList","@id":"https:\/\/afambcossio.es\/#breadcrumb","itemListElement":[{"@type":"ListItem","position":1,"name":"Portada","item":"https:\/\/afambcossio.es\/"},{"@type":"ListItem","position":2,"name":"Index"}]},{"@type":"WebSite","@id":"https:\/\/afambcossio.es\/#website","url":"https:\/\/afambcossio.es\/","name":"AFA MB Cossio","description":"Un AFA para unirnos a tod@s","publisher":{"@id":"https:\/\/afambcossio.es\/#organization"},"potentialAction":[{"@type":"SearchAction","target":{"@type":"EntryPoint","urlTemplate":"https:\/\/afambcossio.es\/?s={search_term_string}"},"query-input":"required name=search_term_string"}],"inLanguage":"es"},{"@type":"Organization","@id":"https:\/\/afambcossio.es\/#organization","name":"AFA MB Cossio","url":"https:\/\/afambcossio.es\/","logo":{"@type":"ImageObject","inLanguage":"es","@id":"https:\/\/afambcossio.es\/#\/schema\/logo\/image\/","url":"https:\/\/afambcossio.es\/wp-content\/uploads\/2024\/02\/logo.png","contentUrl":"https:\/\/afambcossio.es\/wp-content\/uploads\/2024\/02\/logo.png","width":261,"height":295,"caption":"AFA MB Cossio"},"image":{"@id":"https:\/\/afambcossio.es\/#\/schema\/logo\/image\/"}}]}},"_links":{"self":[{"href":"https:\/\/afambcossio.es\/index.php?rest_route=\/wp\/v2\/pages\/75","targetHints":{"allow":["GET"]}}],"collection":[{"href":"https:\/\/afambcossio.es\/index.php?rest_route=\/wp\/v2\/pages"}],"about":[{"href":"https:\/\/afambcossio.es\/index.php?rest_route=\/wp\/v2\/types\/page"}],"author":[{"embeddable":true,"href":"https:\/\/afambcossio.es\/index.php?rest_route=\/wp\/v2\/users\/1"}],"replies":[{"embeddable":true,"href":"https:\/\/afambcossio.es\/index.php?rest_route=%2Fwp%2Fv2%2Fcomments&post=75"}],"version-history":[{"count":17,"href":"https:\/\/afambcossio.es\/index.php?rest_route=\/wp\/v2\/pages\/75\/revisions"}],"predecessor-version":[{"id":175,"href":"https:\/\/afambcossio.es\/index.php?rest_route=\/wp\/v2\/pages\/75\/revisions\/175"}],"wp:attachment":[{"href":"https:\/\/afambcossio.es\/index.php?rest_route=%2Fwp%2Fv2%2Fmedia&parent=75"}],"curies":[{"name":"wp","href":"https:\/\/api.w.org\/{rel}","templated":true}]}}