{"id":208,"date":"2025-08-29T11:08:45","date_gmt":"2025-08-29T11:08:45","guid":{"rendered":"https:\/\/afambcossio.es\/?page_id=208"},"modified":"2025-08-29T11:39:25","modified_gmt":"2025-08-29T11:39:25","slug":"renovacion-2025-2026","status":"publish","type":"page","link":"https:\/\/afambcossio.es\/?page_id=208","title":{"rendered":"Renovaci\u00f3n 2025-2026"},"content":{"rendered":"\n<figure class=\"wp-block-image aligncenter size-full\"><img loading=\"lazy\" decoding=\"async\" width=\"476\" height=\"244\" src=\"https:\/\/afambcossio.es\/wp-content\/uploads\/2025\/08\/renovacion-cuota.png\" alt=\"\" class=\"wp-image-209\" srcset=\"https:\/\/afambcossio.es\/wp-content\/uploads\/2025\/08\/renovacion-cuota.png 476w, https:\/\/afambcossio.es\/wp-content\/uploads\/2025\/08\/renovacion-cuota-300x154.png 300w\" sizes=\"auto, (max-width: 476px) 100vw, 476px\" \/><\/figure>\n\n\n\n<p>Gracias por completar el formulario de inscripci\u00f3n como socio del AMPA. Para finalizar el proceso, por favor realiza el pago de la cuota correspondiente a trav\u00e9s del siguiente formulario seguro.<\/p>\n\n\n\n<p>Este pago permite a la asociaci\u00f3n continuar desarrollando actividades, proyectos y servicios en beneficio de toda la comunidad educativa.<\/p>\n\n\n\n<p>Completa los datos y realiza el pago con tarjeta para confirmar tu renovaci\u00f3n como socio. IMPORTANTE: Por favor pon el correo electr\u00f3nico con el que te registraste en la asociaci\u00f3n.<\/p>\n\n\n<div id=\"simpay-stripe_checkout-form-wrap-201\" data-id=\"simpay-form-201-wrap\" class=\"simpay-form-wrap simpay-stripe_checkout-form-wrap\"><form action=\"\" method=\"post\" class=\"simpay-checkout-form simpay-form-201 simpay-styled\" id=\"simpay-form-201\" data-simpay-form-id=\"201\" ><div class=\"simpay-form-control\"><button id=\"2\" class=\"simpay-btn simpay-payment-btn\"><span>Cuota socio AFA Curso 2025-2026<\/span><\/button><\/div><div class=\"simpay-generic-error simpay-errors\" id=\"simpay-form-201-error\" aria-live=\"assertive\" aria-relevant=\"additions text\" aria-atomic=\"true\"><\/div><input type=\"hidden\" name=\"simpay_form_id\" value=\"201\" \/><input type=\"hidden\" name=\"simpay_amount\" value=\"\" class=\"simpay-amount\" \/><input type=\"hidden\" id=\"_wpnonce\" name=\"_wpnonce\" value=\"f47562ca2a\" \/><input type=\"hidden\" name=\"_wp_http_referer\" value=\"\/index.php?rest_route=%2Fwp%2Fv2%2Fpages%2F208\" \/><\/form><\/div>\n\n\n\n<p>La renovaci\u00f3n de la cuota de socio del AMPA se realiza a trav\u00e9s de un formulario seguro integrado en esta web, utilizando la plataforma de pagos&nbsp;<strong>Stripe<\/strong>, l\u00edder mundial en procesamiento de pagos online.<\/p>\n\n\n\n<p>Stripe garantiza:<\/p>\n\n\n\n<ul class=\"wp-block-list\">\n<li><strong>Seguridad total<\/strong>&nbsp;en el tratamiento de los datos bancarios.<\/li>\n\n\n\n<li><strong>Cumplimiento de la normativa europea<\/strong>&nbsp;(PSD2 y RGPD).<\/li>\n\n\n\n<li><strong>Protecci\u00f3n contra fraudes<\/strong>&nbsp;mediante cifrado y autenticaci\u00f3n avanzada.<\/li>\n<\/ul>\n\n\n\n<p>Los datos introducidos en este formulario no se almacenan en nuestra web, y el proceso de pago se realiza directamente en los servidores seguros de Stripe.<\/p>\n\n\n\n<p>Si tienes cualquier duda sobre el proceso, puedes escribirnos a info@afambcossio.es <\/p>\n\n\n\n<p><\/p>\n","protected":false},"excerpt":{"rendered":"<p>Gracias por completar el formulario de inscripci\u00f3n como socio del AMPA. Para finalizar el proceso, por favor realiza el pago [&hellip;]<\/p>\n","protected":false},"author":1,"featured_media":0,"parent":0,"menu_order":0,"comment_status":"closed","ping_status":"closed","template":"","meta":{"site-sidebar-layout":"default","site-content-layout":"","ast-site-content-layout":"","site-content-style":"default","site-sidebar-style":"default","ast-global-header-display":"","ast-banner-title-visibility":"","ast-main-header-display":"","ast-hfb-above-header-display":"","ast-hfb-below-header-display":"","ast-hfb-mobile-header-display":"","site-post-title":"","ast-breadcrumbs-content":"","ast-featured-img":"","footer-sml-layout":"","theme-transparent-header-meta":"","adv-header-id-meta":"","stick-header-meta":"","header-above-stick-meta":"","header-main-stick-meta":"","header-below-stick-meta":"","astra-migrate-meta-layouts":"default","ast-page-background-enabled":"default","ast-page-background-meta":{"desktop":{"background-color":"var(--ast-global-color-4)","background-image":"","background-repeat":"repeat","background-position":"center center","background-size":"auto","background-attachment":"scroll","background-type":"","background-media":"","overlay-type":"","overlay-color":"","overlay-gradient":""},"tablet":{"background-color":"","background-image":"","background-repeat":"repeat","background-position":"center center","background-size":"auto","background-attachment":"scroll","background-type":"","background-media":"","overlay-type":"","overlay-color":"","overlay-gradient":""},"mobile":{"background-color":"","background-image":"","background-repeat":"repeat","background-position":"center center","background-size":"auto","background-attachment":"scroll","background-type":"","background-media":"","overlay-type":"","overlay-color":"","overlay-gradient":""}},"ast-content-background-meta":{"desktop":{"background-color":"var(--ast-global-color-5)","background-image":"","background-repeat":"repeat","background-position":"center center","background-size":"auto","background-attachment":"scroll","background-type":"","background-media":"","overlay-type":"","overlay-color":"","overlay-gradient":""},"tablet":{"background-color":"var(--ast-global-color-5)","background-image":"","background-repeat":"repeat","background-position":"center center","background-size":"auto","background-attachment":"scroll","background-type":"","background-media":"","overlay-type":"","overlay-color":"","overlay-gradient":""},"mobile":{"background-color":"var(--ast-global-color-5)","background-image":"","background-repeat":"repeat","background-position":"center center","background-size":"auto","background-attachment":"scroll","background-type":"","background-media":"","overlay-type":"","overlay-color":"","overlay-gradient":""}},"footnotes":""},"class_list":["post-208","page","type-page","status-publish","hentry"],"yoast_head":"<!-- This site is optimized with the Yoast SEO plugin v22.7 - https:\/\/yoast.com\/wordpress\/plugins\/seo\/ -->\n<title>Renovaci\u00f3n 2025-2026 - AFA MB Cossio<\/title>\n<meta name=\"robots\" content=\"index, follow, max-snippet:-1, max-image-preview:large, max-video-preview:-1\" \/>\n<link rel=\"canonical\" href=\"https:\/\/afambcossio.es\/?page_id=208\" \/>\n<meta property=\"og:locale\" content=\"es_ES\" \/>\n<meta property=\"og:type\" content=\"article\" \/>\n<meta property=\"og:title\" content=\"Renovaci\u00f3n 2025-2026 - AFA MB Cossio\" \/>\n<meta property=\"og:description\" content=\"Gracias por completar el formulario de inscripci\u00f3n como socio del AMPA. Para finalizar el proceso, por favor realiza el pago [&hellip;]\" \/>\n<meta property=\"og:url\" content=\"https:\/\/afambcossio.es\/?page_id=208\" \/>\n<meta property=\"og:site_name\" content=\"AFA MB Cossio\" \/>\n<meta property=\"article:modified_time\" content=\"2025-08-29T11:39:25+00:00\" \/>\n<meta property=\"og:image\" content=\"https:\/\/afambcossio.es\/wp-content\/uploads\/2025\/08\/renovacion-cuota.png\" \/>\n<meta name=\"twitter:card\" content=\"summary_large_image\" \/>\n<meta name=\"twitter:label1\" content=\"Tiempo de lectura\" \/>\n\t<meta name=\"twitter:data1\" content=\"2 minutos\" \/>\n<script type=\"application\/ld+json\" class=\"yoast-schema-graph\">{\"@context\":\"https:\/\/schema.org\",\"@graph\":[{\"@type\":\"WebPage\",\"@id\":\"https:\/\/afambcossio.es\/?page_id=208\",\"url\":\"https:\/\/afambcossio.es\/?page_id=208\",\"name\":\"Renovaci\u00f3n 2025-2026 - AFA MB Cossio\",\"isPartOf\":{\"@id\":\"https:\/\/afambcossio.es\/#website\"},\"primaryImageOfPage\":{\"@id\":\"https:\/\/afambcossio.es\/?page_id=208#primaryimage\"},\"image\":{\"@id\":\"https:\/\/afambcossio.es\/?page_id=208#primaryimage\"},\"thumbnailUrl\":\"https:\/\/afambcossio.es\/wp-content\/uploads\/2025\/08\/renovacion-cuota.png\",\"datePublished\":\"2025-08-29T11:08:45+00:00\",\"dateModified\":\"2025-08-29T11:39:25+00:00\",\"breadcrumb\":{\"@id\":\"https:\/\/afambcossio.es\/?page_id=208#breadcrumb\"},\"inLanguage\":\"es\",\"potentialAction\":[{\"@type\":\"ReadAction\",\"target\":[\"https:\/\/afambcossio.es\/?page_id=208\"]}]},{\"@type\":\"ImageObject\",\"inLanguage\":\"es\",\"@id\":\"https:\/\/afambcossio.es\/?page_id=208#primaryimage\",\"url\":\"https:\/\/afambcossio.es\/wp-content\/uploads\/2025\/08\/renovacion-cuota.png\",\"contentUrl\":\"https:\/\/afambcossio.es\/wp-content\/uploads\/2025\/08\/renovacion-cuota.png\",\"width\":476,\"height\":244},{\"@type\":\"BreadcrumbList\",\"@id\":\"https:\/\/afambcossio.es\/?page_id=208#breadcrumb\",\"itemListElement\":[{\"@type\":\"ListItem\",\"position\":1,\"name\":\"Portada\",\"item\":\"https:\/\/afambcossio.es\/\"},{\"@type\":\"ListItem\",\"position\":2,\"name\":\"Renovaci\u00f3n 2025-2026\"}]},{\"@type\":\"WebSite\",\"@id\":\"https:\/\/afambcossio.es\/#website\",\"url\":\"https:\/\/afambcossio.es\/\",\"name\":\"AFA MB Cossio\",\"description\":\"Un AFA para unirnos a tod@s\",\"publisher\":{\"@id\":\"https:\/\/afambcossio.es\/#organization\"},\"potentialAction\":[{\"@type\":\"SearchAction\",\"target\":{\"@type\":\"EntryPoint\",\"urlTemplate\":\"https:\/\/afambcossio.es\/?s={search_term_string}\"},\"query-input\":\"required name=search_term_string\"}],\"inLanguage\":\"es\"},{\"@type\":\"Organization\",\"@id\":\"https:\/\/afambcossio.es\/#organization\",\"name\":\"AFA MB Cossio\",\"url\":\"https:\/\/afambcossio.es\/\",\"logo\":{\"@type\":\"ImageObject\",\"inLanguage\":\"es\",\"@id\":\"https:\/\/afambcossio.es\/#\/schema\/logo\/image\/\",\"url\":\"https:\/\/afambcossio.es\/wp-content\/uploads\/2024\/02\/logo.png\",\"contentUrl\":\"https:\/\/afambcossio.es\/wp-content\/uploads\/2024\/02\/logo.png\",\"width\":261,\"height\":295,\"caption\":\"AFA MB Cossio\"},\"image\":{\"@id\":\"https:\/\/afambcossio.es\/#\/schema\/logo\/image\/\"}}]}<\/script>\n<!-- \/ Yoast SEO plugin. -->","yoast_head_json":{"title":"Renovaci\u00f3n 2025-2026 - AFA MB Cossio","robots":{"index":"index","follow":"follow","max-snippet":"max-snippet:-1","max-image-preview":"max-image-preview:large","max-video-preview":"max-video-preview:-1"},"canonical":"https:\/\/afambcossio.es\/?page_id=208","og_locale":"es_ES","og_type":"article","og_title":"Renovaci\u00f3n 2025-2026 - AFA MB Cossio","og_description":"Gracias por completar el formulario de inscripci\u00f3n como socio del AMPA. Para finalizar el proceso, por favor realiza el pago [&hellip;]","og_url":"https:\/\/afambcossio.es\/?page_id=208","og_site_name":"AFA MB Cossio","article_modified_time":"2025-08-29T11:39:25+00:00","og_image":[{"url":"https:\/\/afambcossio.es\/wp-content\/uploads\/2025\/08\/renovacion-cuota.png"}],"twitter_card":"summary_large_image","twitter_misc":{"Tiempo de lectura":"2 minutos"},"schema":{"@context":"https:\/\/schema.org","@graph":[{"@type":"WebPage","@id":"https:\/\/afambcossio.es\/?page_id=208","url":"https:\/\/afambcossio.es\/?page_id=208","name":"Renovaci\u00f3n 2025-2026 - AFA MB Cossio","isPartOf":{"@id":"https:\/\/afambcossio.es\/#website"},"primaryImageOfPage":{"@id":"https:\/\/afambcossio.es\/?page_id=208#primaryimage"},"image":{"@id":"https:\/\/afambcossio.es\/?page_id=208#primaryimage"},"thumbnailUrl":"https:\/\/afambcossio.es\/wp-content\/uploads\/2025\/08\/renovacion-cuota.png","datePublished":"2025-08-29T11:08:45+00:00","dateModified":"2025-08-29T11:39:25+00:00","breadcrumb":{"@id":"https:\/\/afambcossio.es\/?page_id=208#breadcrumb"},"inLanguage":"es","potentialAction":[{"@type":"ReadAction","target":["https:\/\/afambcossio.es\/?page_id=208"]}]},{"@type":"ImageObject","inLanguage":"es","@id":"https:\/\/afambcossio.es\/?page_id=208#primaryimage","url":"https:\/\/afambcossio.es\/wp-content\/uploads\/2025\/08\/renovacion-cuota.png","contentUrl":"https:\/\/afambcossio.es\/wp-content\/uploads\/2025\/08\/renovacion-cuota.png","width":476,"height":244},{"@type":"BreadcrumbList","@id":"https:\/\/afambcossio.es\/?page_id=208#breadcrumb","itemListElement":[{"@type":"ListItem","position":1,"name":"Portada","item":"https:\/\/afambcossio.es\/"},{"@type":"ListItem","position":2,"name":"Renovaci\u00f3n 2025-2026"}]},{"@type":"WebSite","@id":"https:\/\/afambcossio.es\/#website","url":"https:\/\/afambcossio.es\/","name":"AFA MB Cossio","description":"Un AFA para unirnos a tod@s","publisher":{"@id":"https:\/\/afambcossio.es\/#organization"},"potentialAction":[{"@type":"SearchAction","target":{"@type":"EntryPoint","urlTemplate":"https:\/\/afambcossio.es\/?s={search_term_string}"},"query-input":"required name=search_term_string"}],"inLanguage":"es"},{"@type":"Organization","@id":"https:\/\/afambcossio.es\/#organization","name":"AFA MB Cossio","url":"https:\/\/afambcossio.es\/","logo":{"@type":"ImageObject","inLanguage":"es","@id":"https:\/\/afambcossio.es\/#\/schema\/logo\/image\/","url":"https:\/\/afambcossio.es\/wp-content\/uploads\/2024\/02\/logo.png","contentUrl":"https:\/\/afambcossio.es\/wp-content\/uploads\/2024\/02\/logo.png","width":261,"height":295,"caption":"AFA MB Cossio"},"image":{"@id":"https:\/\/afambcossio.es\/#\/schema\/logo\/image\/"}}]}},"_links":{"self":[{"href":"https:\/\/afambcossio.es\/index.php?rest_route=\/wp\/v2\/pages\/208","targetHints":{"allow":["GET"]}}],"collection":[{"href":"https:\/\/afambcossio.es\/index.php?rest_route=\/wp\/v2\/pages"}],"about":[{"href":"https:\/\/afambcossio.es\/index.php?rest_route=\/wp\/v2\/types\/page"}],"author":[{"embeddable":true,"href":"https:\/\/afambcossio.es\/index.php?rest_route=\/wp\/v2\/users\/1"}],"replies":[{"embeddable":true,"href":"https:\/\/afambcossio.es\/index.php?rest_route=%2Fwp%2Fv2%2Fcomments&post=208"}],"version-history":[{"count":2,"href":"https:\/\/afambcossio.es\/index.php?rest_route=\/wp\/v2\/pages\/208\/revisions"}],"predecessor-version":[{"id":212,"href":"https:\/\/afambcossio.es\/index.php?rest_route=\/wp\/v2\/pages\/208\/revisions\/212"}],"wp:attachment":[{"href":"https:\/\/afambcossio.es\/index.php?rest_route=%2Fwp%2Fv2%2Fmedia&parent=208"}],"curies":[{"name":"wp","href":"https:\/\/api.w.org\/{rel}","templated":true}]}}