{"id":159,"date":"2024-05-16T16:21:37","date_gmt":"2024-05-16T16:21:37","guid":{"rendered":"https:\/\/afambcossio.es\/?page_id=159"},"modified":"2024-05-16T16:22:25","modified_gmt":"2024-05-16T16:22:25","slug":"participa-tu-cole-te-necesita","status":"publish","type":"page","link":"https:\/\/afambcossio.es\/?page_id=159","title":{"rendered":"Participa, tu cole te necesita"},"content":{"rendered":"\n<p class=\"has-text-align-center\"><strong>Descubre aqu\u00ed c\u00f3mo puedes colaborar y aportar valor al cole de tus hijos a trav\u00e9s de AFA MB Coss\u00edo<\/strong><\/p>\n\n\n\n<figure class=\"wp-block-gallery has-nested-images columns-default is-cropped wp-block-gallery-1 is-layout-flex wp-block-gallery-is-layout-flex\">\n<figure class=\"wp-block-image size-large\"><img loading=\"lazy\" decoding=\"async\" width=\"685\" height=\"129\" data-id=\"164\" src=\"https:\/\/afambcossio.es\/wp-content\/uploads\/2024\/05\/logo_oarticipa.png\" alt=\"\" class=\"wp-image-164\" srcset=\"https:\/\/afambcossio.es\/wp-content\/uploads\/2024\/05\/logo_oarticipa.png 685w, https:\/\/afambcossio.es\/wp-content\/uploads\/2024\/05\/logo_oarticipa-300x56.png 300w\" sizes=\"auto, (max-width: 685px) 100vw, 685px\" \/><\/figure>\n<\/figure>\n\n\n\n<div class=\"wp-block-columns is-layout-flex wp-container-core-columns-is-layout-28f84493 wp-block-columns-is-layout-flex\">\n<div class=\"wp-block-column is-layout-flow wp-block-column-is-layout-flow\">\n<figure class=\"wp-block-gallery has-nested-images columns-default is-cropped wp-block-gallery-2 is-layout-flex wp-block-gallery-is-layout-flex\">\n<figure class=\"wp-block-image size-large\"><img loading=\"lazy\" decoding=\"async\" width=\"498\" height=\"387\" data-id=\"160\" src=\"https:\/\/afambcossio.es\/wp-content\/uploads\/2024\/05\/pagina_web.jpg\" alt=\"\" class=\"wp-image-160\" srcset=\"https:\/\/afambcossio.es\/wp-content\/uploads\/2024\/05\/pagina_web.jpg 498w, https:\/\/afambcossio.es\/wp-content\/uploads\/2024\/05\/pagina_web-300x233.jpg 300w\" sizes=\"auto, (max-width: 498px) 100vw, 498px\" \/><\/figure>\n<\/figure>\n<\/div>\n\n\n\n<div class=\"wp-block-column is-layout-flow wp-block-column-is-layout-flow\">\n<figure class=\"wp-block-gallery has-nested-images columns-default is-cropped wp-block-gallery-3 is-layout-flex wp-block-gallery-is-layout-flex\">\n<figure class=\"wp-block-image size-large\"><img loading=\"lazy\" decoding=\"async\" width=\"505\" height=\"397\" data-id=\"161\" src=\"https:\/\/afambcossio.es\/wp-content\/uploads\/2024\/05\/redes_sociales.jpg\" alt=\"\" class=\"wp-image-161\" srcset=\"https:\/\/afambcossio.es\/wp-content\/uploads\/2024\/05\/redes_sociales.jpg 505w, https:\/\/afambcossio.es\/wp-content\/uploads\/2024\/05\/redes_sociales-300x236.jpg 300w\" sizes=\"auto, (max-width: 505px) 100vw, 505px\" \/><\/figure>\n<\/figure>\n<\/div>\n\n\n\n<div class=\"wp-block-column is-layout-flow wp-block-column-is-layout-flow\">\n<figure class=\"wp-block-gallery has-nested-images columns-default is-cropped wp-block-gallery-4 is-layout-flex wp-block-gallery-is-layout-flex\">\n<figure class=\"wp-block-image size-large\"><img loading=\"lazy\" decoding=\"async\" width=\"495\" height=\"441\" data-id=\"162\" src=\"https:\/\/afambcossio.es\/wp-content\/uploads\/2024\/05\/redaccion_textos.jpg\" alt=\"\" class=\"wp-image-162\" srcset=\"https:\/\/afambcossio.es\/wp-content\/uploads\/2024\/05\/redaccion_textos.jpg 495w, https:\/\/afambcossio.es\/wp-content\/uploads\/2024\/05\/redaccion_textos-300x267.jpg 300w\" sizes=\"auto, (max-width: 495px) 100vw, 495px\" \/><\/figure>\n<\/figure>\n<\/div>\n<\/div>\n\n\n\n<p><\/p>\n\n\n\n<p class=\"has-text-align-center\"><strong>Hay muchas formas de participar, encuentra a mejor manera de hacerlo, no necesitas mucho tiempo o habilidades especiales.<\/strong><\/p>\n\n\n\n<figure class=\"wp-block-image aligncenter size-large\"><img loading=\"lazy\" decoding=\"async\" width=\"1024\" height=\"321\" src=\"https:\/\/afambcossio.es\/wp-content\/uploads\/2024\/05\/participa-1024x321.jpg\" alt=\"\" class=\"wp-image-163\" srcset=\"https:\/\/afambcossio.es\/wp-content\/uploads\/2024\/05\/participa-1024x321.jpg 1024w, https:\/\/afambcossio.es\/wp-content\/uploads\/2024\/05\/participa-300x94.jpg 300w, https:\/\/afambcossio.es\/wp-content\/uploads\/2024\/05\/participa-768x240.jpg 768w, https:\/\/afambcossio.es\/wp-content\/uploads\/2024\/05\/participa.jpg 1166w\" sizes=\"auto, (max-width: 1024px) 100vw, 1024px\" \/><\/figure>\n","protected":false},"excerpt":{"rendered":"<p>Descubre aqu\u00ed c\u00f3mo puedes colaborar y aportar valor al cole de tus hijos a trav\u00e9s de AFA MB Coss\u00edo Hay [&hellip;]<\/p>\n","protected":false},"author":1,"featured_media":0,"parent":0,"menu_order":0,"comment_status":"closed","ping_status":"closed","template":"","meta":{"site-sidebar-layout":"default","site-content-layout":"","ast-site-content-layout":"","site-content-style":"default","site-sidebar-style":"default","ast-global-header-display":"","ast-banner-title-visibility":"","ast-main-header-display":"","ast-hfb-above-header-display":"","ast-hfb-below-header-display":"","ast-hfb-mobile-header-display":"","site-post-title":"","ast-breadcrumbs-content":"","ast-featured-img":"","footer-sml-layout":"","theme-transparent-header-meta":"","adv-header-id-meta":"","stick-header-meta":"","header-above-stick-meta":"","header-main-stick-meta":"","header-below-stick-meta":"","astra-migrate-meta-layouts":"default","ast-page-background-enabled":"default","ast-page-background-meta":{"desktop":{"background-color":"var(--ast-global-color-4)","background-image":"","background-repeat":"repeat","background-position":"center center","background-size":"auto","background-attachment":"scroll","background-type":"","background-media":"","overlay-type":"","overlay-color":"","overlay-gradient":""},"tablet":{"background-color":"","background-image":"","background-repeat":"repeat","background-position":"center center","background-size":"auto","background-attachment":"scroll","background-type":"","background-media":"","overlay-type":"","overlay-color":"","overlay-gradient":""},"mobile":{"background-color":"","background-image":"","background-repeat":"repeat","background-position":"center center","background-size":"auto","background-attachment":"scroll","background-type":"","background-media":"","overlay-type":"","overlay-color":"","overlay-gradient":""}},"ast-content-background-meta":{"desktop":{"background-color":"var(--ast-global-color-5)","background-image":"","background-repeat":"repeat","background-position":"center center","background-size":"auto","background-attachment":"scroll","background-type":"","background-media":"","overlay-type":"","overlay-color":"","overlay-gradient":""},"tablet":{"background-color":"var(--ast-global-color-5)","background-image":"","background-repeat":"repeat","background-position":"center center","background-size":"auto","background-attachment":"scroll","background-type":"","background-media":"","overlay-type":"","overlay-color":"","overlay-gradient":""},"mobile":{"background-color":"var(--ast-global-color-5)","background-image":"","background-repeat":"repeat","background-position":"center center","background-size":"auto","background-attachment":"scroll","background-type":"","background-media":"","overlay-type":"","overlay-color":"","overlay-gradient":""}},"footnotes":""},"class_list":["post-159","page","type-page","status-publish","hentry"],"yoast_head":"<!-- This site is optimized with the Yoast SEO plugin v22.7 - https:\/\/yoast.com\/wordpress\/plugins\/seo\/ -->\n<title>Participa, tu cole te necesita - AFA MB Cossio<\/title>\n<meta name=\"robots\" content=\"index, follow, max-snippet:-1, max-image-preview:large, max-video-preview:-1\" \/>\n<link rel=\"canonical\" href=\"https:\/\/afambcossio.es\/?page_id=159\" \/>\n<meta property=\"og:locale\" content=\"es_ES\" \/>\n<meta property=\"og:type\" content=\"article\" \/>\n<meta property=\"og:title\" content=\"Participa, tu cole te necesita - AFA MB Cossio\" \/>\n<meta property=\"og:description\" content=\"Descubre aqu\u00ed c\u00f3mo puedes colaborar y aportar valor al cole de tus hijos a trav\u00e9s de AFA MB Coss\u00edo Hay [&hellip;]\" \/>\n<meta property=\"og:url\" content=\"https:\/\/afambcossio.es\/?page_id=159\" \/>\n<meta property=\"og:site_name\" content=\"AFA MB Cossio\" \/>\n<meta property=\"article:modified_time\" content=\"2024-05-16T16:22:25+00:00\" \/>\n<meta property=\"og:image\" content=\"https:\/\/afambcossio.es\/wp-content\/uploads\/2024\/05\/logo_oarticipa.png\" \/>\n<meta name=\"twitter:card\" content=\"summary_large_image\" \/>\n<meta name=\"twitter:label1\" content=\"Tiempo de lectura\" \/>\n\t<meta name=\"twitter:data1\" content=\"2 minutos\" \/>\n<script type=\"application\/ld+json\" class=\"yoast-schema-graph\">{\"@context\":\"https:\/\/schema.org\",\"@graph\":[{\"@type\":\"WebPage\",\"@id\":\"https:\/\/afambcossio.es\/?page_id=159\",\"url\":\"https:\/\/afambcossio.es\/?page_id=159\",\"name\":\"Participa, tu cole te necesita - AFA MB Cossio\",\"isPartOf\":{\"@id\":\"https:\/\/afambcossio.es\/#website\"},\"primaryImageOfPage\":{\"@id\":\"https:\/\/afambcossio.es\/?page_id=159#primaryimage\"},\"image\":{\"@id\":\"https:\/\/afambcossio.es\/?page_id=159#primaryimage\"},\"thumbnailUrl\":\"https:\/\/afambcossio.es\/wp-content\/uploads\/2024\/05\/logo_oarticipa.png\",\"datePublished\":\"2024-05-16T16:21:37+00:00\",\"dateModified\":\"2024-05-16T16:22:25+00:00\",\"breadcrumb\":{\"@id\":\"https:\/\/afambcossio.es\/?page_id=159#breadcrumb\"},\"inLanguage\":\"es\",\"potentialAction\":[{\"@type\":\"ReadAction\",\"target\":[\"https:\/\/afambcossio.es\/?page_id=159\"]}]},{\"@type\":\"ImageObject\",\"inLanguage\":\"es\",\"@id\":\"https:\/\/afambcossio.es\/?page_id=159#primaryimage\",\"url\":\"https:\/\/afambcossio.es\/wp-content\/uploads\/2024\/05\/logo_oarticipa.png\",\"contentUrl\":\"https:\/\/afambcossio.es\/wp-content\/uploads\/2024\/05\/logo_oarticipa.png\",\"width\":685,\"height\":129},{\"@type\":\"BreadcrumbList\",\"@id\":\"https:\/\/afambcossio.es\/?page_id=159#breadcrumb\",\"itemListElement\":[{\"@type\":\"ListItem\",\"position\":1,\"name\":\"Portada\",\"item\":\"https:\/\/afambcossio.es\/\"},{\"@type\":\"ListItem\",\"position\":2,\"name\":\"Participa, tu cole te necesita\"}]},{\"@type\":\"WebSite\",\"@id\":\"https:\/\/afambcossio.es\/#website\",\"url\":\"https:\/\/afambcossio.es\/\",\"name\":\"AFA MB Cossio\",\"description\":\"Un AFA para unirnos a tod@s\",\"publisher\":{\"@id\":\"https:\/\/afambcossio.es\/#organization\"},\"potentialAction\":[{\"@type\":\"SearchAction\",\"target\":{\"@type\":\"EntryPoint\",\"urlTemplate\":\"https:\/\/afambcossio.es\/?s={search_term_string}\"},\"query-input\":\"required name=search_term_string\"}],\"inLanguage\":\"es\"},{\"@type\":\"Organization\",\"@id\":\"https:\/\/afambcossio.es\/#organization\",\"name\":\"AFA MB Cossio\",\"url\":\"https:\/\/afambcossio.es\/\",\"logo\":{\"@type\":\"ImageObject\",\"inLanguage\":\"es\",\"@id\":\"https:\/\/afambcossio.es\/#\/schema\/logo\/image\/\",\"url\":\"https:\/\/afambcossio.es\/wp-content\/uploads\/2024\/02\/logo.png\",\"contentUrl\":\"https:\/\/afambcossio.es\/wp-content\/uploads\/2024\/02\/logo.png\",\"width\":261,\"height\":295,\"caption\":\"AFA MB Cossio\"},\"image\":{\"@id\":\"https:\/\/afambcossio.es\/#\/schema\/logo\/image\/\"}}]}<\/script>\n<!-- \/ Yoast SEO plugin. -->","yoast_head_json":{"title":"Participa, tu cole te necesita - AFA MB Cossio","robots":{"index":"index","follow":"follow","max-snippet":"max-snippet:-1","max-image-preview":"max-image-preview:large","max-video-preview":"max-video-preview:-1"},"canonical":"https:\/\/afambcossio.es\/?page_id=159","og_locale":"es_ES","og_type":"article","og_title":"Participa, tu cole te necesita - AFA MB Cossio","og_description":"Descubre aqu\u00ed c\u00f3mo puedes colaborar y aportar valor al cole de tus hijos a trav\u00e9s de AFA MB Coss\u00edo Hay [&hellip;]","og_url":"https:\/\/afambcossio.es\/?page_id=159","og_site_name":"AFA MB Cossio","article_modified_time":"2024-05-16T16:22:25+00:00","og_image":[{"url":"https:\/\/afambcossio.es\/wp-content\/uploads\/2024\/05\/logo_oarticipa.png"}],"twitter_card":"summary_large_image","twitter_misc":{"Tiempo de lectura":"2 minutos"},"schema":{"@context":"https:\/\/schema.org","@graph":[{"@type":"WebPage","@id":"https:\/\/afambcossio.es\/?page_id=159","url":"https:\/\/afambcossio.es\/?page_id=159","name":"Participa, tu cole te necesita - AFA MB Cossio","isPartOf":{"@id":"https:\/\/afambcossio.es\/#website"},"primaryImageOfPage":{"@id":"https:\/\/afambcossio.es\/?page_id=159#primaryimage"},"image":{"@id":"https:\/\/afambcossio.es\/?page_id=159#primaryimage"},"thumbnailUrl":"https:\/\/afambcossio.es\/wp-content\/uploads\/2024\/05\/logo_oarticipa.png","datePublished":"2024-05-16T16:21:37+00:00","dateModified":"2024-05-16T16:22:25+00:00","breadcrumb":{"@id":"https:\/\/afambcossio.es\/?page_id=159#breadcrumb"},"inLanguage":"es","potentialAction":[{"@type":"ReadAction","target":["https:\/\/afambcossio.es\/?page_id=159"]}]},{"@type":"ImageObject","inLanguage":"es","@id":"https:\/\/afambcossio.es\/?page_id=159#primaryimage","url":"https:\/\/afambcossio.es\/wp-content\/uploads\/2024\/05\/logo_oarticipa.png","contentUrl":"https:\/\/afambcossio.es\/wp-content\/uploads\/2024\/05\/logo_oarticipa.png","width":685,"height":129},{"@type":"BreadcrumbList","@id":"https:\/\/afambcossio.es\/?page_id=159#breadcrumb","itemListElement":[{"@type":"ListItem","position":1,"name":"Portada","item":"https:\/\/afambcossio.es\/"},{"@type":"ListItem","position":2,"name":"Participa, tu cole te necesita"}]},{"@type":"WebSite","@id":"https:\/\/afambcossio.es\/#website","url":"https:\/\/afambcossio.es\/","name":"AFA MB Cossio","description":"Un AFA para unirnos a tod@s","publisher":{"@id":"https:\/\/afambcossio.es\/#organization"},"potentialAction":[{"@type":"SearchAction","target":{"@type":"EntryPoint","urlTemplate":"https:\/\/afambcossio.es\/?s={search_term_string}"},"query-input":"required name=search_term_string"}],"inLanguage":"es"},{"@type":"Organization","@id":"https:\/\/afambcossio.es\/#organization","name":"AFA MB Cossio","url":"https:\/\/afambcossio.es\/","logo":{"@type":"ImageObject","inLanguage":"es","@id":"https:\/\/afambcossio.es\/#\/schema\/logo\/image\/","url":"https:\/\/afambcossio.es\/wp-content\/uploads\/2024\/02\/logo.png","contentUrl":"https:\/\/afambcossio.es\/wp-content\/uploads\/2024\/02\/logo.png","width":261,"height":295,"caption":"AFA MB Cossio"},"image":{"@id":"https:\/\/afambcossio.es\/#\/schema\/logo\/image\/"}}]}},"_links":{"self":[{"href":"https:\/\/afambcossio.es\/index.php?rest_route=\/wp\/v2\/pages\/159","targetHints":{"allow":["GET"]}}],"collection":[{"href":"https:\/\/afambcossio.es\/index.php?rest_route=\/wp\/v2\/pages"}],"about":[{"href":"https:\/\/afambcossio.es\/index.php?rest_route=\/wp\/v2\/types\/page"}],"author":[{"embeddable":true,"href":"https:\/\/afambcossio.es\/index.php?rest_route=\/wp\/v2\/users\/1"}],"replies":[{"embeddable":true,"href":"https:\/\/afambcossio.es\/index.php?rest_route=%2Fwp%2Fv2%2Fcomments&post=159"}],"version-history":[{"count":1,"href":"https:\/\/afambcossio.es\/index.php?rest_route=\/wp\/v2\/pages\/159\/revisions"}],"predecessor-version":[{"id":166,"href":"https:\/\/afambcossio.es\/index.php?rest_route=\/wp\/v2\/pages\/159\/revisions\/166"}],"wp:attachment":[{"href":"https:\/\/afambcossio.es\/index.php?rest_route=%2Fwp%2Fv2%2Fmedia&parent=159"}],"curies":[{"name":"wp","href":"https:\/\/api.w.org\/{rel}","templated":true}]}}