{"id":118,"date":"2024-03-18T23:03:06","date_gmt":"2024-03-18T23:03:06","guid":{"rendered":"https:\/\/afambcossio.es\/?page_id=118"},"modified":"2024-03-21T11:59:25","modified_gmt":"2024-03-21T11:59:25","slug":"noticias","status":"publish","type":"page","link":"https:\/\/afambcossio.es\/?page_id=118","title":{"rendered":"Noticias"},"content":{"rendered":"\n<p>21\/03\/2024<\/p>\n\n\n\n<figure class=\"wp-block-image aligncenter size-full\"><img loading=\"lazy\" decoding=\"async\" width=\"444\" height=\"113\" src=\"https:\/\/afambcossio.es\/wp-content\/uploads\/2024\/03\/Novedades.png\" alt=\"\" class=\"wp-image-155\" srcset=\"https:\/\/afambcossio.es\/wp-content\/uploads\/2024\/03\/Novedades.png 444w, https:\/\/afambcossio.es\/wp-content\/uploads\/2024\/03\/Novedades-300x76.png 300w\" sizes=\"auto, (max-width: 444px) 100vw, 444px\" \/><\/figure>\n\n\n\n<p>\u00a1\u00a1Buenos d\u00edas, lo prometido es deuda!!<\/p>\n\n\n\n<p>\u00a1\u00a1\u00a1Desde ya mismo pod\u00e9is inscribiros con nosotros!!! \u00a1Es hora de un cambio! ,es hora de hacer y participar activamente en la mejora&nbsp; de la educaci\u00f3n de nuestros peques!!!! Llevamos un tiempo trabajando en nuestro proyecto con much\u00edsima ilusi\u00f3n ..no lo hemos tenido f\u00e1cil &#8230;pero aqu\u00ed estamos para lograrlo!!!! \u00a1\u00a1\u00a1\u00a1Animaros a participar activamente con nosotros!!!!<\/p>\n\n\n\n<p>A continuaci\u00f3n, os dejamos la hoja de inscripci\u00f3n.<\/p>\n\n\n\n<div class=\"wp-block-buttons is-layout-flex wp-block-buttons-is-layout-flex\">\n<div class=\"wp-block-button\"><a class=\"wp-block-button__link wp-element-button\" href=\"https:\/\/afambcossio.es\/ficha_de_inscripcion.pdf\" target=\"_blank\" rel=\"noreferrer noopener\">Ficha de inscripci\u00f3n<\/a><\/div>\n<\/div>\n\n\n\n<p>La cuota fijada para este a\u00f1o son 7\u20ac, los pr\u00f3ximos se fijar\u00e1n en Asamblea. La idea es comenzar el curso 2024\/2025 y por lo tanto las altas de este curso ser\u00e1n v\u00e1lidas durante el curso siguiente.<\/p>\n\n\n\n<p>Despu\u00e9s de Semana Santa intentaremos recoger inscripciones. Si alguno de vosotros no puede, por favor, que contacte y quedamos para ello. Este AFA lo hacemos todos, os necesitamos.<\/p>\n\n\n\n<p>C\u00f3mo pod\u00e9is consultar en estatutos que hemos publicado en la web (queremos ser totalmente transparentes en este proyecto), para ser socio, <strong>es requisito no estar inscrito a otro AMPA<\/strong>, ni ser parte del colegio entre otras incompatibilidades.<\/p>\n\n\n\n<p>Much\u00edsimas gracias por vuestro apoyo y esperamos contar con vosotr@s para esta nueva aventura.<\/p>\n\n\n\n<p>Feliz Semana Santa.<\/p>\n\n\n\n<p>19\/03\/2024<\/p>\n\n\n\n<p><a href=\"https:\/\/confapamadrid.blogspot.com\/\">Nos adheriremos a CONFAPA<\/a><\/p>\n\n\n\n<p>En la Asamblea Extraordinaria de la Junta Directiva del d\u00eda 19 de Marzo de 2024, se acuerda por unanimidad de todos los miembros de la Junta, la adhesi\u00f3n a la asociaci\u00f3n CONFAPA MADRID.<\/p>\n\n\n\n<figure class=\"wp-block-image aligncenter size-full is-resized\"><img loading=\"lazy\" decoding=\"async\" width=\"540\" height=\"313\" src=\"https:\/\/afambcossio.es\/wp-content\/uploads\/2024\/03\/confapalog.png\" alt=\"\" class=\"wp-image-136\" style=\"width:285px;height:auto\" srcset=\"https:\/\/afambcossio.es\/wp-content\/uploads\/2024\/03\/confapalog.png 540w, https:\/\/afambcossio.es\/wp-content\/uploads\/2024\/03\/confapalog-300x174.png 300w\" sizes=\"auto, (max-width: 540px) 100vw, 540px\" \/><\/figure>\n","protected":false},"excerpt":{"rendered":"<p>21\/03\/2024 \u00a1\u00a1Buenos d\u00edas, lo prometido es deuda!! \u00a1\u00a1\u00a1Desde ya mismo pod\u00e9is inscribiros con nosotros!!! \u00a1Es hora de un cambio! ,es [&hellip;]<\/p>\n","protected":false},"author":1,"featured_media":0,"parent":0,"menu_order":0,"comment_status":"closed","ping_status":"closed","template":"","meta":{"site-sidebar-layout":"default","site-content-layout":"","ast-site-content-layout":"","site-content-style":"default","site-sidebar-style":"default","ast-global-header-display":"","ast-banner-title-visibility":"","ast-main-header-display":"","ast-hfb-above-header-display":"","ast-hfb-below-header-display":"","ast-hfb-mobile-header-display":"","site-post-title":"","ast-breadcrumbs-content":"","ast-featured-img":"","footer-sml-layout":"","theme-transparent-header-meta":"","adv-header-id-meta":"","stick-header-meta":"","header-above-stick-meta":"","header-main-stick-meta":"","header-below-stick-meta":"","astra-migrate-meta-layouts":"default","ast-page-background-enabled":"default","ast-page-background-meta":{"desktop":{"background-color":"var(--ast-global-color-4)","background-image":"","background-repeat":"repeat","background-position":"center center","background-size":"auto","background-attachment":"scroll","background-type":"","background-media":"","overlay-type":"","overlay-color":"","overlay-gradient":""},"tablet":{"background-color":"","background-image":"","background-repeat":"repeat","background-position":"center center","background-size":"auto","background-attachment":"scroll","background-type":"","background-media":"","overlay-type":"","overlay-color":"","overlay-gradient":""},"mobile":{"background-color":"","background-image":"","background-repeat":"repeat","background-position":"center center","background-size":"auto","background-attachment":"scroll","background-type":"","background-media":"","overlay-type":"","overlay-color":"","overlay-gradient":""}},"ast-content-background-meta":{"desktop":{"background-color":"var(--ast-global-color-5)","background-image":"","background-repeat":"repeat","background-position":"center center","background-size":"auto","background-attachment":"scroll","background-type":"","background-media":"","overlay-type":"","overlay-color":"","overlay-gradient":""},"tablet":{"background-color":"var(--ast-global-color-5)","background-image":"","background-repeat":"repeat","background-position":"center center","background-size":"auto","background-attachment":"scroll","background-type":"","background-media":"","overlay-type":"","overlay-color":"","overlay-gradient":""},"mobile":{"background-color":"var(--ast-global-color-5)","background-image":"","background-repeat":"repeat","background-position":"center center","background-size":"auto","background-attachment":"scroll","background-type":"","background-media":"","overlay-type":"","overlay-color":"","overlay-gradient":""}},"footnotes":""},"class_list":["post-118","page","type-page","status-publish","hentry"],"yoast_head":"<!-- This site is optimized with the Yoast SEO plugin v22.7 - https:\/\/yoast.com\/wordpress\/plugins\/seo\/ -->\n<title>Noticias - AFA MB Cossio<\/title>\n<meta name=\"robots\" content=\"index, follow, max-snippet:-1, max-image-preview:large, max-video-preview:-1\" \/>\n<link rel=\"canonical\" href=\"https:\/\/afambcossio.es\/?page_id=118\" \/>\n<meta property=\"og:locale\" content=\"es_ES\" \/>\n<meta property=\"og:type\" content=\"article\" \/>\n<meta property=\"og:title\" content=\"Noticias - AFA MB Cossio\" \/>\n<meta property=\"og:description\" content=\"21\/03\/2024 \u00a1\u00a1Buenos d\u00edas, lo prometido es deuda!! \u00a1\u00a1\u00a1Desde ya mismo pod\u00e9is inscribiros con nosotros!!! \u00a1Es hora de un cambio! ,es [&hellip;]\" \/>\n<meta property=\"og:url\" content=\"https:\/\/afambcossio.es\/?page_id=118\" \/>\n<meta property=\"og:site_name\" content=\"AFA MB Cossio\" \/>\n<meta property=\"article:modified_time\" content=\"2024-03-21T11:59:25+00:00\" \/>\n<meta property=\"og:image\" content=\"https:\/\/afambcossio.es\/wp-content\/uploads\/2024\/03\/Novedades.png\" \/>\n<meta name=\"twitter:card\" content=\"summary_large_image\" \/>\n<meta name=\"twitter:label1\" content=\"Tiempo de lectura\" \/>\n\t<meta name=\"twitter:data1\" content=\"2 minutos\" \/>\n<script type=\"application\/ld+json\" class=\"yoast-schema-graph\">{\"@context\":\"https:\/\/schema.org\",\"@graph\":[{\"@type\":\"WebPage\",\"@id\":\"https:\/\/afambcossio.es\/?page_id=118\",\"url\":\"https:\/\/afambcossio.es\/?page_id=118\",\"name\":\"Noticias - AFA MB Cossio\",\"isPartOf\":{\"@id\":\"https:\/\/afambcossio.es\/#website\"},\"primaryImageOfPage\":{\"@id\":\"https:\/\/afambcossio.es\/?page_id=118#primaryimage\"},\"image\":{\"@id\":\"https:\/\/afambcossio.es\/?page_id=118#primaryimage\"},\"thumbnailUrl\":\"https:\/\/afambcossio.es\/wp-content\/uploads\/2024\/03\/Novedades.png\",\"datePublished\":\"2024-03-18T23:03:06+00:00\",\"dateModified\":\"2024-03-21T11:59:25+00:00\",\"breadcrumb\":{\"@id\":\"https:\/\/afambcossio.es\/?page_id=118#breadcrumb\"},\"inLanguage\":\"es\",\"potentialAction\":[{\"@type\":\"ReadAction\",\"target\":[\"https:\/\/afambcossio.es\/?page_id=118\"]}]},{\"@type\":\"ImageObject\",\"inLanguage\":\"es\",\"@id\":\"https:\/\/afambcossio.es\/?page_id=118#primaryimage\",\"url\":\"https:\/\/afambcossio.es\/wp-content\/uploads\/2024\/03\/Novedades.png\",\"contentUrl\":\"https:\/\/afambcossio.es\/wp-content\/uploads\/2024\/03\/Novedades.png\",\"width\":444,\"height\":113},{\"@type\":\"BreadcrumbList\",\"@id\":\"https:\/\/afambcossio.es\/?page_id=118#breadcrumb\",\"itemListElement\":[{\"@type\":\"ListItem\",\"position\":1,\"name\":\"Portada\",\"item\":\"https:\/\/afambcossio.es\/\"},{\"@type\":\"ListItem\",\"position\":2,\"name\":\"Noticias\"}]},{\"@type\":\"WebSite\",\"@id\":\"https:\/\/afambcossio.es\/#website\",\"url\":\"https:\/\/afambcossio.es\/\",\"name\":\"AFA MB Cossio\",\"description\":\"Un AFA para unirnos a tod@s\",\"publisher\":{\"@id\":\"https:\/\/afambcossio.es\/#organization\"},\"potentialAction\":[{\"@type\":\"SearchAction\",\"target\":{\"@type\":\"EntryPoint\",\"urlTemplate\":\"https:\/\/afambcossio.es\/?s={search_term_string}\"},\"query-input\":\"required name=search_term_string\"}],\"inLanguage\":\"es\"},{\"@type\":\"Organization\",\"@id\":\"https:\/\/afambcossio.es\/#organization\",\"name\":\"AFA MB Cossio\",\"url\":\"https:\/\/afambcossio.es\/\",\"logo\":{\"@type\":\"ImageObject\",\"inLanguage\":\"es\",\"@id\":\"https:\/\/afambcossio.es\/#\/schema\/logo\/image\/\",\"url\":\"https:\/\/afambcossio.es\/wp-content\/uploads\/2024\/02\/logo.png\",\"contentUrl\":\"https:\/\/afambcossio.es\/wp-content\/uploads\/2024\/02\/logo.png\",\"width\":261,\"height\":295,\"caption\":\"AFA MB Cossio\"},\"image\":{\"@id\":\"https:\/\/afambcossio.es\/#\/schema\/logo\/image\/\"}}]}<\/script>\n<!-- \/ Yoast SEO plugin. -->","yoast_head_json":{"title":"Noticias - AFA MB Cossio","robots":{"index":"index","follow":"follow","max-snippet":"max-snippet:-1","max-image-preview":"max-image-preview:large","max-video-preview":"max-video-preview:-1"},"canonical":"https:\/\/afambcossio.es\/?page_id=118","og_locale":"es_ES","og_type":"article","og_title":"Noticias - AFA MB Cossio","og_description":"21\/03\/2024 \u00a1\u00a1Buenos d\u00edas, lo prometido es deuda!! \u00a1\u00a1\u00a1Desde ya mismo pod\u00e9is inscribiros con nosotros!!! \u00a1Es hora de un cambio! ,es [&hellip;]","og_url":"https:\/\/afambcossio.es\/?page_id=118","og_site_name":"AFA MB Cossio","article_modified_time":"2024-03-21T11:59:25+00:00","og_image":[{"url":"https:\/\/afambcossio.es\/wp-content\/uploads\/2024\/03\/Novedades.png"}],"twitter_card":"summary_large_image","twitter_misc":{"Tiempo de lectura":"2 minutos"},"schema":{"@context":"https:\/\/schema.org","@graph":[{"@type":"WebPage","@id":"https:\/\/afambcossio.es\/?page_id=118","url":"https:\/\/afambcossio.es\/?page_id=118","name":"Noticias - AFA MB Cossio","isPartOf":{"@id":"https:\/\/afambcossio.es\/#website"},"primaryImageOfPage":{"@id":"https:\/\/afambcossio.es\/?page_id=118#primaryimage"},"image":{"@id":"https:\/\/afambcossio.es\/?page_id=118#primaryimage"},"thumbnailUrl":"https:\/\/afambcossio.es\/wp-content\/uploads\/2024\/03\/Novedades.png","datePublished":"2024-03-18T23:03:06+00:00","dateModified":"2024-03-21T11:59:25+00:00","breadcrumb":{"@id":"https:\/\/afambcossio.es\/?page_id=118#breadcrumb"},"inLanguage":"es","potentialAction":[{"@type":"ReadAction","target":["https:\/\/afambcossio.es\/?page_id=118"]}]},{"@type":"ImageObject","inLanguage":"es","@id":"https:\/\/afambcossio.es\/?page_id=118#primaryimage","url":"https:\/\/afambcossio.es\/wp-content\/uploads\/2024\/03\/Novedades.png","contentUrl":"https:\/\/afambcossio.es\/wp-content\/uploads\/2024\/03\/Novedades.png","width":444,"height":113},{"@type":"BreadcrumbList","@id":"https:\/\/afambcossio.es\/?page_id=118#breadcrumb","itemListElement":[{"@type":"ListItem","position":1,"name":"Portada","item":"https:\/\/afambcossio.es\/"},{"@type":"ListItem","position":2,"name":"Noticias"}]},{"@type":"WebSite","@id":"https:\/\/afambcossio.es\/#website","url":"https:\/\/afambcossio.es\/","name":"AFA MB Cossio","description":"Un AFA para unirnos a tod@s","publisher":{"@id":"https:\/\/afambcossio.es\/#organization"},"potentialAction":[{"@type":"SearchAction","target":{"@type":"EntryPoint","urlTemplate":"https:\/\/afambcossio.es\/?s={search_term_string}"},"query-input":"required name=search_term_string"}],"inLanguage":"es"},{"@type":"Organization","@id":"https:\/\/afambcossio.es\/#organization","name":"AFA MB Cossio","url":"https:\/\/afambcossio.es\/","logo":{"@type":"ImageObject","inLanguage":"es","@id":"https:\/\/afambcossio.es\/#\/schema\/logo\/image\/","url":"https:\/\/afambcossio.es\/wp-content\/uploads\/2024\/02\/logo.png","contentUrl":"https:\/\/afambcossio.es\/wp-content\/uploads\/2024\/02\/logo.png","width":261,"height":295,"caption":"AFA MB Cossio"},"image":{"@id":"https:\/\/afambcossio.es\/#\/schema\/logo\/image\/"}}]}},"_links":{"self":[{"href":"https:\/\/afambcossio.es\/index.php?rest_route=\/wp\/v2\/pages\/118","targetHints":{"allow":["GET"]}}],"collection":[{"href":"https:\/\/afambcossio.es\/index.php?rest_route=\/wp\/v2\/pages"}],"about":[{"href":"https:\/\/afambcossio.es\/index.php?rest_route=\/wp\/v2\/types\/page"}],"author":[{"embeddable":true,"href":"https:\/\/afambcossio.es\/index.php?rest_route=\/wp\/v2\/users\/1"}],"replies":[{"embeddable":true,"href":"https:\/\/afambcossio.es\/index.php?rest_route=%2Fwp%2Fv2%2Fcomments&post=118"}],"version-history":[{"count":6,"href":"https:\/\/afambcossio.es\/index.php?rest_route=\/wp\/v2\/pages\/118\/revisions"}],"predecessor-version":[{"id":158,"href":"https:\/\/afambcossio.es\/index.php?rest_route=\/wp\/v2\/pages\/118\/revisions\/158"}],"wp:attachment":[{"href":"https:\/\/afambcossio.es\/index.php?rest_route=%2Fwp%2Fv2%2Fmedia&parent=118"}],"curies":[{"name":"wp","href":"https:\/\/api.w.org\/{rel}","templated":true}]}}