{"id":113,"date":"2024-03-18T22:50:30","date_gmt":"2024-03-18T22:50:30","guid":{"rendered":"https:\/\/afambcossio.es\/?page_id=113"},"modified":"2025-08-29T10:44:31","modified_gmt":"2025-08-29T10:44:31","slug":"hazte-soci","status":"publish","type":"page","link":"https:\/\/afambcossio.es\/?page_id=113","title":{"rendered":"Hazte soci@"},"content":{"rendered":"\n<p>La&nbsp;<strong>AFA<\/strong>&nbsp;MB Coss\u00edo&nbsp;est\u00e1&nbsp;<strong>abierta a todas las familias con hij@s matriculados en el colegio<\/strong>.<\/p>\n\n\n\n<figure class=\"wp-block-image aligncenter size-full is-resized\"><img loading=\"lazy\" decoding=\"async\" width=\"525\" height=\"270\" src=\"https:\/\/afambcossio.es\/wp-content\/uploads\/2024\/03\/hazte_socio.png\" alt=\"\" class=\"wp-image-116\" style=\"width:434px;height:auto\" srcset=\"https:\/\/afambcossio.es\/wp-content\/uploads\/2024\/03\/hazte_socio.png 525w, https:\/\/afambcossio.es\/wp-content\/uploads\/2024\/03\/hazte_socio-300x154.png 300w\" sizes=\"auto, (max-width: 525px) 100vw, 525px\" \/><\/figure>\n\n\n\n<p><strong>Para ser socio\/a de la AFA<\/strong>&nbsp;hay que pagar una&nbsp;<strong>cuota anual de 7\u20ac por familia<\/strong>, una suscripci\u00f3n que debe renovarse cada curso. Este&nbsp;<strong>dinero<\/strong>&nbsp;nos servir\u00e1 para&nbsp;<strong>poder financiar diferentes iniciativas para el cole y su alumnado<\/strong>.<\/p>\n\n\n\n<p><strong>Hacerte soci@ es el primer escal\u00f3n de implicaci\u00f3n en la AFA<\/strong>, pero si quieres participar de manera m\u00e1s activa en las distintas iniciativas que realizamos en el colegio,&nbsp;<strong>existen diferentes niveles de implicaci\u00f3n<\/strong>.<\/p>\n\n\n\n<ul class=\"wp-block-list\">\n<li><strong>Ser voluntario\/a en las actividades que organizamos<\/strong>. Implica dedicar unas horas de tu tiempo, el mismo d\u00eda de la actividad.<\/li>\n\n\n\n<li><strong>Formar parte de una comisi\u00f3n para organizar alguna de estas actividades<\/strong>.<br>Para que estas actividades salgan adelante, nos organizamos en comisiones para optimizar el trabajo y poder llevar a cabo diferentes iniciativas de planificaci\u00f3n, comunicaci\u00f3n, dise\u00f1o de espacios, coordinaci\u00f3n de voluntarios, etc.<\/li>\n\n\n\n<li><strong>Ser vocal de una de nuestras extraescolares<\/strong>&nbsp;para gestionar la comunicaci\u00f3n entre las familias, el proveedor y la AFA.<\/li>\n\n\n\n<li><strong>Formar parte de la AFA<\/strong>. Hacemos un trabajo voluntario muy gratificante y somos un equipo con muy buen rollo que disfrutamos con lo que hacemos. <\/li>\n<\/ul>\n\n\n\n<div class=\"wp-block-buttons alignwide is-content-justification-center is-layout-flex wp-container-core-buttons-is-layout-a89b3969 wp-block-buttons-is-layout-flex\">\n<div class=\"wp-block-button\"><a class=\"wp-block-button__link has-text-align-center wp-element-button\" href=\"https:\/\/forms.office.com\/pages\/responsepage.aspx?id=oHqX91rW3EO6UH-CvqYHOcpb7jHp69pFhR-QjhbKwFVUQllWOEpRREE4RlE2U1BON1NDQTNGMzdHNC4u&amp;route=shorturl\">PINCHA AQUI PARA HACERTE SOCIO<\/a><\/div>\n<\/div>\n\n\n\n<p><\/p>\n","protected":false},"excerpt":{"rendered":"<p>La&nbsp;AFA&nbsp;MB Coss\u00edo&nbsp;est\u00e1&nbsp;abierta a todas las familias con hij@s matriculados en el colegio. Para ser socio\/a de la AFA&nbsp;hay que pagar [&hellip;]<\/p>\n","protected":false},"author":1,"featured_media":0,"parent":0,"menu_order":0,"comment_status":"closed","ping_status":"closed","template":"","meta":{"site-sidebar-layout":"default","site-content-layout":"","ast-site-content-layout":"","site-content-style":"default","site-sidebar-style":"default","ast-global-header-display":"","ast-banner-title-visibility":"","ast-main-header-display":"","ast-hfb-above-header-display":"","ast-hfb-below-header-display":"","ast-hfb-mobile-header-display":"","site-post-title":"","ast-breadcrumbs-content":"","ast-featured-img":"","footer-sml-layout":"","theme-transparent-header-meta":"","adv-header-id-meta":"","stick-header-meta":"","header-above-stick-meta":"","header-main-stick-meta":"","header-below-stick-meta":"","astra-migrate-meta-layouts":"default","ast-page-background-enabled":"default","ast-page-background-meta":{"desktop":{"background-color":"var(--ast-global-color-4)","background-image":"","background-repeat":"repeat","background-position":"center center","background-size":"auto","background-attachment":"scroll","background-type":"","background-media":"","overlay-type":"","overlay-color":"","overlay-gradient":""},"tablet":{"background-color":"","background-image":"","background-repeat":"repeat","background-position":"center center","background-size":"auto","background-attachment":"scroll","background-type":"","background-media":"","overlay-type":"","overlay-color":"","overlay-gradient":""},"mobile":{"background-color":"","background-image":"","background-repeat":"repeat","background-position":"center center","background-size":"auto","background-attachment":"scroll","background-type":"","background-media":"","overlay-type":"","overlay-color":"","overlay-gradient":""}},"ast-content-background-meta":{"desktop":{"background-color":"var(--ast-global-color-5)","background-image":"","background-repeat":"repeat","background-position":"center center","background-size":"auto","background-attachment":"scroll","background-type":"","background-media":"","overlay-type":"","overlay-color":"","overlay-gradient":""},"tablet":{"background-color":"var(--ast-global-color-5)","background-image":"","background-repeat":"repeat","background-position":"center center","background-size":"auto","background-attachment":"scroll","background-type":"","background-media":"","overlay-type":"","overlay-color":"","overlay-gradient":""},"mobile":{"background-color":"var(--ast-global-color-5)","background-image":"","background-repeat":"repeat","background-position":"center center","background-size":"auto","background-attachment":"scroll","background-type":"","background-media":"","overlay-type":"","overlay-color":"","overlay-gradient":""}},"footnotes":""},"class_list":["post-113","page","type-page","status-publish","hentry"],"yoast_head":"<!-- This site is optimized with the Yoast SEO plugin v22.7 - https:\/\/yoast.com\/wordpress\/plugins\/seo\/ -->\n<title>Hazte soci@ - AFA MB Cossio<\/title>\n<meta name=\"robots\" content=\"index, follow, max-snippet:-1, max-image-preview:large, max-video-preview:-1\" \/>\n<link rel=\"canonical\" href=\"https:\/\/afambcossio.es\/?page_id=113\" \/>\n<meta property=\"og:locale\" content=\"es_ES\" \/>\n<meta property=\"og:type\" content=\"article\" \/>\n<meta property=\"og:title\" content=\"Hazte soci@ - AFA MB Cossio\" \/>\n<meta property=\"og:description\" content=\"La&nbsp;AFA&nbsp;MB Coss\u00edo&nbsp;est\u00e1&nbsp;abierta a todas las familias con hij@s matriculados en el colegio. Para ser socio\/a de la AFA&nbsp;hay que pagar [&hellip;]\" \/>\n<meta property=\"og:url\" content=\"https:\/\/afambcossio.es\/?page_id=113\" \/>\n<meta property=\"og:site_name\" content=\"AFA MB Cossio\" \/>\n<meta property=\"article:modified_time\" content=\"2025-08-29T10:44:31+00:00\" \/>\n<meta property=\"og:image\" content=\"https:\/\/afambcossio.es\/wp-content\/uploads\/2024\/03\/hazte_socio.png\" \/>\n<meta name=\"twitter:card\" content=\"summary_large_image\" \/>\n<meta name=\"twitter:label1\" content=\"Tiempo de lectura\" \/>\n\t<meta name=\"twitter:data1\" content=\"2 minutos\" \/>\n<script type=\"application\/ld+json\" class=\"yoast-schema-graph\">{\"@context\":\"https:\/\/schema.org\",\"@graph\":[{\"@type\":\"WebPage\",\"@id\":\"https:\/\/afambcossio.es\/?page_id=113\",\"url\":\"https:\/\/afambcossio.es\/?page_id=113\",\"name\":\"Hazte soci@ - AFA MB Cossio\",\"isPartOf\":{\"@id\":\"https:\/\/afambcossio.es\/#website\"},\"primaryImageOfPage\":{\"@id\":\"https:\/\/afambcossio.es\/?page_id=113#primaryimage\"},\"image\":{\"@id\":\"https:\/\/afambcossio.es\/?page_id=113#primaryimage\"},\"thumbnailUrl\":\"https:\/\/afambcossio.es\/wp-content\/uploads\/2024\/03\/hazte_socio.png\",\"datePublished\":\"2024-03-18T22:50:30+00:00\",\"dateModified\":\"2025-08-29T10:44:31+00:00\",\"breadcrumb\":{\"@id\":\"https:\/\/afambcossio.es\/?page_id=113#breadcrumb\"},\"inLanguage\":\"es\",\"potentialAction\":[{\"@type\":\"ReadAction\",\"target\":[\"https:\/\/afambcossio.es\/?page_id=113\"]}]},{\"@type\":\"ImageObject\",\"inLanguage\":\"es\",\"@id\":\"https:\/\/afambcossio.es\/?page_id=113#primaryimage\",\"url\":\"https:\/\/afambcossio.es\/wp-content\/uploads\/2024\/03\/hazte_socio.png\",\"contentUrl\":\"https:\/\/afambcossio.es\/wp-content\/uploads\/2024\/03\/hazte_socio.png\",\"width\":525,\"height\":270},{\"@type\":\"BreadcrumbList\",\"@id\":\"https:\/\/afambcossio.es\/?page_id=113#breadcrumb\",\"itemListElement\":[{\"@type\":\"ListItem\",\"position\":1,\"name\":\"Portada\",\"item\":\"https:\/\/afambcossio.es\/\"},{\"@type\":\"ListItem\",\"position\":2,\"name\":\"Hazte soci@\"}]},{\"@type\":\"WebSite\",\"@id\":\"https:\/\/afambcossio.es\/#website\",\"url\":\"https:\/\/afambcossio.es\/\",\"name\":\"AFA MB Cossio\",\"description\":\"Un AFA para unirnos a tod@s\",\"publisher\":{\"@id\":\"https:\/\/afambcossio.es\/#organization\"},\"potentialAction\":[{\"@type\":\"SearchAction\",\"target\":{\"@type\":\"EntryPoint\",\"urlTemplate\":\"https:\/\/afambcossio.es\/?s={search_term_string}\"},\"query-input\":\"required name=search_term_string\"}],\"inLanguage\":\"es\"},{\"@type\":\"Organization\",\"@id\":\"https:\/\/afambcossio.es\/#organization\",\"name\":\"AFA MB Cossio\",\"url\":\"https:\/\/afambcossio.es\/\",\"logo\":{\"@type\":\"ImageObject\",\"inLanguage\":\"es\",\"@id\":\"https:\/\/afambcossio.es\/#\/schema\/logo\/image\/\",\"url\":\"https:\/\/afambcossio.es\/wp-content\/uploads\/2024\/02\/logo.png\",\"contentUrl\":\"https:\/\/afambcossio.es\/wp-content\/uploads\/2024\/02\/logo.png\",\"width\":261,\"height\":295,\"caption\":\"AFA MB Cossio\"},\"image\":{\"@id\":\"https:\/\/afambcossio.es\/#\/schema\/logo\/image\/\"}}]}<\/script>\n<!-- \/ Yoast SEO plugin. -->","yoast_head_json":{"title":"Hazte soci@ - AFA MB Cossio","robots":{"index":"index","follow":"follow","max-snippet":"max-snippet:-1","max-image-preview":"max-image-preview:large","max-video-preview":"max-video-preview:-1"},"canonical":"https:\/\/afambcossio.es\/?page_id=113","og_locale":"es_ES","og_type":"article","og_title":"Hazte soci@ - AFA MB Cossio","og_description":"La&nbsp;AFA&nbsp;MB Coss\u00edo&nbsp;est\u00e1&nbsp;abierta a todas las familias con hij@s matriculados en el colegio. Para ser socio\/a de la AFA&nbsp;hay que pagar [&hellip;]","og_url":"https:\/\/afambcossio.es\/?page_id=113","og_site_name":"AFA MB Cossio","article_modified_time":"2025-08-29T10:44:31+00:00","og_image":[{"url":"https:\/\/afambcossio.es\/wp-content\/uploads\/2024\/03\/hazte_socio.png"}],"twitter_card":"summary_large_image","twitter_misc":{"Tiempo de lectura":"2 minutos"},"schema":{"@context":"https:\/\/schema.org","@graph":[{"@type":"WebPage","@id":"https:\/\/afambcossio.es\/?page_id=113","url":"https:\/\/afambcossio.es\/?page_id=113","name":"Hazte soci@ - AFA MB Cossio","isPartOf":{"@id":"https:\/\/afambcossio.es\/#website"},"primaryImageOfPage":{"@id":"https:\/\/afambcossio.es\/?page_id=113#primaryimage"},"image":{"@id":"https:\/\/afambcossio.es\/?page_id=113#primaryimage"},"thumbnailUrl":"https:\/\/afambcossio.es\/wp-content\/uploads\/2024\/03\/hazte_socio.png","datePublished":"2024-03-18T22:50:30+00:00","dateModified":"2025-08-29T10:44:31+00:00","breadcrumb":{"@id":"https:\/\/afambcossio.es\/?page_id=113#breadcrumb"},"inLanguage":"es","potentialAction":[{"@type":"ReadAction","target":["https:\/\/afambcossio.es\/?page_id=113"]}]},{"@type":"ImageObject","inLanguage":"es","@id":"https:\/\/afambcossio.es\/?page_id=113#primaryimage","url":"https:\/\/afambcossio.es\/wp-content\/uploads\/2024\/03\/hazte_socio.png","contentUrl":"https:\/\/afambcossio.es\/wp-content\/uploads\/2024\/03\/hazte_socio.png","width":525,"height":270},{"@type":"BreadcrumbList","@id":"https:\/\/afambcossio.es\/?page_id=113#breadcrumb","itemListElement":[{"@type":"ListItem","position":1,"name":"Portada","item":"https:\/\/afambcossio.es\/"},{"@type":"ListItem","position":2,"name":"Hazte soci@"}]},{"@type":"WebSite","@id":"https:\/\/afambcossio.es\/#website","url":"https:\/\/afambcossio.es\/","name":"AFA MB Cossio","description":"Un AFA para unirnos a tod@s","publisher":{"@id":"https:\/\/afambcossio.es\/#organization"},"potentialAction":[{"@type":"SearchAction","target":{"@type":"EntryPoint","urlTemplate":"https:\/\/afambcossio.es\/?s={search_term_string}"},"query-input":"required name=search_term_string"}],"inLanguage":"es"},{"@type":"Organization","@id":"https:\/\/afambcossio.es\/#organization","name":"AFA MB Cossio","url":"https:\/\/afambcossio.es\/","logo":{"@type":"ImageObject","inLanguage":"es","@id":"https:\/\/afambcossio.es\/#\/schema\/logo\/image\/","url":"https:\/\/afambcossio.es\/wp-content\/uploads\/2024\/02\/logo.png","contentUrl":"https:\/\/afambcossio.es\/wp-content\/uploads\/2024\/02\/logo.png","width":261,"height":295,"caption":"AFA MB Cossio"},"image":{"@id":"https:\/\/afambcossio.es\/#\/schema\/logo\/image\/"}}]}},"_links":{"self":[{"href":"https:\/\/afambcossio.es\/index.php?rest_route=\/wp\/v2\/pages\/113","targetHints":{"allow":["GET"]}}],"collection":[{"href":"https:\/\/afambcossio.es\/index.php?rest_route=\/wp\/v2\/pages"}],"about":[{"href":"https:\/\/afambcossio.es\/index.php?rest_route=\/wp\/v2\/types\/page"}],"author":[{"embeddable":true,"href":"https:\/\/afambcossio.es\/index.php?rest_route=\/wp\/v2\/users\/1"}],"replies":[{"embeddable":true,"href":"https:\/\/afambcossio.es\/index.php?rest_route=%2Fwp%2Fv2%2Fcomments&post=113"}],"version-history":[{"count":6,"href":"https:\/\/afambcossio.es\/index.php?rest_route=\/wp\/v2\/pages\/113\/revisions"}],"predecessor-version":[{"id":207,"href":"https:\/\/afambcossio.es\/index.php?rest_route=\/wp\/v2\/pages\/113\/revisions\/207"}],"wp:attachment":[{"href":"https:\/\/afambcossio.es\/index.php?rest_route=%2Fwp%2Fv2%2Fmedia&parent=113"}],"curies":[{"name":"wp","href":"https:\/\/api.w.org\/{rel}","templated":true}]}}