{"id":109,"date":"2024-03-18T22:45:26","date_gmt":"2024-03-18T22:45:26","guid":{"rendered":"https:\/\/afambcossio.es\/?page_id=109"},"modified":"2024-05-20T08:33:29","modified_gmt":"2024-05-20T08:33:29","slug":"junta-directiva","status":"publish","type":"page","link":"https:\/\/afambcossio.es\/?page_id=109","title":{"rendered":"Junta directiva"},"content":{"rendered":"\n<div class=\"wp-block-columns is-layout-flex wp-container-core-columns-is-layout-28f84493 wp-block-columns-is-layout-flex\">\n<div class=\"wp-block-column is-layout-flow wp-block-column-is-layout-flow\">\n<p>La Junta Directiva se elige en Asamblea General Extraordinaria, de modo democr\u00e1tico entre los candidatos que se presentan voluntariamente. Son cargos no remunerados y ninguno de los miembros obtiene ning\u00fan trato de favor por desempe\u00f1ar su labor. Est\u00e1 formada por:<\/p>\n\n\n\n<ul class=\"wp-block-list\">\n<li><strong>Presidente<\/strong>. Representa al AFA. Coordina y dinamiza el grupo. Convoca y preside reuniones, ejecuta acuerdos, ordena los pagos y firma las solicitudes de subvenci\u00f3n<\/li>\n\n\n\n<li><strong>Vicepresidente<\/strong>. Apoya la labor del presidente y lo sustituye en caso de ausencia.<\/li>\n\n\n\n<li><strong>Secretario<\/strong>. Es el responsable de la documentaci\u00f3n de la AFA.<\/li>\n\n\n\n<li><strong>Tesorero<\/strong>. Es el responsable de las cuentas del AFA y del presupuesto.&nbsp;<\/li>\n\n\n\n<li><strong>Vocales<\/strong>. Deciden conjuntamente con los cargos de la Junta Directiva las gestiones y actuaciones de la AFA. Las responsabilidades est\u00e1n distribuidas entre todos, cre\u00e1ndose comisiones de trabajo.<\/li>\n<\/ul>\n<\/div>\n\n\n\n<div class=\"wp-block-column is-layout-flow wp-block-column-is-layout-flow\">\n<figure class=\"wp-block-image size-full\"><img loading=\"lazy\" decoding=\"async\" width=\"681\" height=\"751\" src=\"https:\/\/afambcossio.es\/wp-content\/uploads\/2024\/03\/organigrama_junta.png\" alt=\"\" class=\"wp-image-110\" srcset=\"https:\/\/afambcossio.es\/wp-content\/uploads\/2024\/03\/organigrama_junta.png 681w, https:\/\/afambcossio.es\/wp-content\/uploads\/2024\/03\/organigrama_junta-272x300.png 272w\" sizes=\"auto, (max-width: 681px) 100vw, 681px\" \/><\/figure>\n<\/div>\n<\/div>\n\n\n\n<h2 class=\"wp-block-heading\">C\u00f3mo nos organizamos? Comisiones de trabajo<\/h2>\n\n\n\n<p class=\"has-text-align-center\"><span style=\"color: rgb(0, 0, 0); font-family: Nunito, sans-serif; font-size: 18px; white-space-collapse: collapse;\">Para ser m\u00e1s operativos organizamos el trabajo a trav\u00e9s de\u00a0<\/span><span style=\"box-sizing: border-box; font-weight: bolder; color: rgb(0, 0, 0); font-family: Nunito, sans-serif; font-size: 18px; white-space-collapse: collapse;\">comisiones<\/span><span style=\"color: rgb(0, 0, 0); font-family: Nunito, sans-serif; font-size: 18px; white-space-collapse: collapse;\">. Cada una de ellas tiene un objetivo claro y definido, y comparte sus avances en las asambleas que peri\u00f3dicamente se mantienen en el AFA. Si quieres\u00a0<\/span><span style=\"box-sizing: border-box; font-weight: bolder;\"><a href=\"mailto:info@afambcossio.es\">participar en alguna de ellas<\/a><\/span><span style=\"color: rgb(0, 0, 0); font-family: Nunito, sans-serif; font-size: 18px; white-space-collapse: collapse;\">\u00a0o tienes alguna sugerencia puedes ponerte en contacto con nosotr@s<\/span>.<\/p>\n\n\n\n<figure class=\"wp-block-image aligncenter size-large\"><img loading=\"lazy\" decoding=\"async\" width=\"1024\" height=\"193\" src=\"https:\/\/afambcossio.es\/wp-content\/uploads\/2024\/05\/comisiones-1024x193.jpg\" alt=\"\" class=\"wp-image-169\" srcset=\"https:\/\/afambcossio.es\/wp-content\/uploads\/2024\/05\/comisiones-1024x193.jpg 1024w, https:\/\/afambcossio.es\/wp-content\/uploads\/2024\/05\/comisiones-300x57.jpg 300w, https:\/\/afambcossio.es\/wp-content\/uploads\/2024\/05\/comisiones-768x145.jpg 768w, https:\/\/afambcossio.es\/wp-content\/uploads\/2024\/05\/comisiones.jpg 1049w\" sizes=\"auto, (max-width: 1024px) 100vw, 1024px\" \/><\/figure>\n\n\n\n<h2 class=\"wp-block-heading\">Estatutos<\/h2>\n\n\n\n<div data-wp-interactive=\"core\/file\" class=\"wp-block-file\"><object data-wp-bind--hidden=\"!state.hasPdfPreview\" hidden class=\"wp-block-file__embed\" data=\"https:\/\/afambcossio.es\/wp-content\/uploads\/2024\/03\/ESTATUTOS-AFA.pdf\" type=\"application\/pdf\" style=\"width:100%;height:600px\" aria-label=\"Incrustado de ESTATUTOS-AFA.\"><\/object><a id=\"wp-block-file--media-6280b768-e182-4be6-b5ab-121bf34b42cc\" href=\"https:\/\/afambcossio.es\/wp-content\/uploads\/2024\/03\/ESTATUTOS-AFA.pdf\">ESTATUTOS-AFA<\/a><a href=\"https:\/\/afambcossio.es\/wp-content\/uploads\/2024\/03\/ESTATUTOS-AFA.pdf\" class=\"wp-block-file__button wp-element-button\" download aria-describedby=\"wp-block-file--media-6280b768-e182-4be6-b5ab-121bf34b42cc\">Descarga<\/a><\/div>\n\n\n\n<h2 class=\"wp-block-heading\"><\/h2>\n","protected":false},"excerpt":{"rendered":"<p>La Junta Directiva se elige en Asamblea General Extraordinaria, de modo democr\u00e1tico entre los candidatos que se presentan voluntariamente. Son [&hellip;]<\/p>\n","protected":false},"author":1,"featured_media":0,"parent":0,"menu_order":0,"comment_status":"closed","ping_status":"closed","template":"","meta":{"site-sidebar-layout":"default","site-content-layout":"","ast-site-content-layout":"","site-content-style":"default","site-sidebar-style":"default","ast-global-header-display":"","ast-banner-title-visibility":"","ast-main-header-display":"","ast-hfb-above-header-display":"","ast-hfb-below-header-display":"","ast-hfb-mobile-header-display":"","site-post-title":"","ast-breadcrumbs-content":"","ast-featured-img":"","footer-sml-layout":"","theme-transparent-header-meta":"","adv-header-id-meta":"","stick-header-meta":"","header-above-stick-meta":"","header-main-stick-meta":"","header-below-stick-meta":"","astra-migrate-meta-layouts":"default","ast-page-background-enabled":"default","ast-page-background-meta":{"desktop":{"background-color":"var(--ast-global-color-4)","background-image":"","background-repeat":"repeat","background-position":"center center","background-size":"auto","background-attachment":"scroll","background-type":"","background-media":"","overlay-type":"","overlay-color":"","overlay-gradient":""},"tablet":{"background-color":"","background-image":"","background-repeat":"repeat","background-position":"center center","background-size":"auto","background-attachment":"scroll","background-type":"","background-media":"","overlay-type":"","overlay-color":"","overlay-gradient":""},"mobile":{"background-color":"","background-image":"","background-repeat":"repeat","background-position":"center center","background-size":"auto","background-attachment":"scroll","background-type":"","background-media":"","overlay-type":"","overlay-color":"","overlay-gradient":""}},"ast-content-background-meta":{"desktop":{"background-color":"var(--ast-global-color-5)","background-image":"","background-repeat":"repeat","background-position":"center center","background-size":"auto","background-attachment":"scroll","background-type":"","background-media":"","overlay-type":"","overlay-color":"","overlay-gradient":""},"tablet":{"background-color":"var(--ast-global-color-5)","background-image":"","background-repeat":"repeat","background-position":"center center","background-size":"auto","background-attachment":"scroll","background-type":"","background-media":"","overlay-type":"","overlay-color":"","overlay-gradient":""},"mobile":{"background-color":"var(--ast-global-color-5)","background-image":"","background-repeat":"repeat","background-position":"center center","background-size":"auto","background-attachment":"scroll","background-type":"","background-media":"","overlay-type":"","overlay-color":"","overlay-gradient":""}},"footnotes":""},"class_list":["post-109","page","type-page","status-publish","hentry"],"yoast_head":"<!-- This site is optimized with the Yoast SEO plugin v22.7 - https:\/\/yoast.com\/wordpress\/plugins\/seo\/ -->\n<title>Junta directiva - AFA MB Cossio<\/title>\n<meta name=\"robots\" content=\"index, follow, max-snippet:-1, max-image-preview:large, max-video-preview:-1\" \/>\n<link rel=\"canonical\" href=\"https:\/\/afambcossio.es\/?page_id=109\" \/>\n<meta property=\"og:locale\" content=\"es_ES\" \/>\n<meta property=\"og:type\" content=\"article\" \/>\n<meta property=\"og:title\" content=\"Junta directiva - AFA MB Cossio\" \/>\n<meta property=\"og:description\" content=\"La Junta Directiva se elige en Asamblea General Extraordinaria, de modo democr\u00e1tico entre los candidatos que se presentan voluntariamente. Son [&hellip;]\" \/>\n<meta property=\"og:url\" content=\"https:\/\/afambcossio.es\/?page_id=109\" \/>\n<meta property=\"og:site_name\" content=\"AFA MB Cossio\" \/>\n<meta property=\"article:modified_time\" content=\"2024-05-20T08:33:29+00:00\" \/>\n<meta property=\"og:image\" content=\"https:\/\/afambcossio.es\/wp-content\/uploads\/2024\/03\/organigrama_junta.png\" \/>\n<meta name=\"twitter:card\" content=\"summary_large_image\" \/>\n<meta name=\"twitter:label1\" content=\"Tiempo de lectura\" \/>\n\t<meta name=\"twitter:data1\" content=\"2 minutos\" \/>\n<script type=\"application\/ld+json\" class=\"yoast-schema-graph\">{\"@context\":\"https:\/\/schema.org\",\"@graph\":[{\"@type\":\"WebPage\",\"@id\":\"https:\/\/afambcossio.es\/?page_id=109\",\"url\":\"https:\/\/afambcossio.es\/?page_id=109\",\"name\":\"Junta directiva - AFA MB Cossio\",\"isPartOf\":{\"@id\":\"https:\/\/afambcossio.es\/#website\"},\"primaryImageOfPage\":{\"@id\":\"https:\/\/afambcossio.es\/?page_id=109#primaryimage\"},\"image\":{\"@id\":\"https:\/\/afambcossio.es\/?page_id=109#primaryimage\"},\"thumbnailUrl\":\"https:\/\/afambcossio.es\/wp-content\/uploads\/2024\/03\/organigrama_junta.png\",\"datePublished\":\"2024-03-18T22:45:26+00:00\",\"dateModified\":\"2024-05-20T08:33:29+00:00\",\"breadcrumb\":{\"@id\":\"https:\/\/afambcossio.es\/?page_id=109#breadcrumb\"},\"inLanguage\":\"es\",\"potentialAction\":[{\"@type\":\"ReadAction\",\"target\":[\"https:\/\/afambcossio.es\/?page_id=109\"]}]},{\"@type\":\"ImageObject\",\"inLanguage\":\"es\",\"@id\":\"https:\/\/afambcossio.es\/?page_id=109#primaryimage\",\"url\":\"https:\/\/afambcossio.es\/wp-content\/uploads\/2024\/03\/organigrama_junta.png\",\"contentUrl\":\"https:\/\/afambcossio.es\/wp-content\/uploads\/2024\/03\/organigrama_junta.png\",\"width\":681,\"height\":751},{\"@type\":\"BreadcrumbList\",\"@id\":\"https:\/\/afambcossio.es\/?page_id=109#breadcrumb\",\"itemListElement\":[{\"@type\":\"ListItem\",\"position\":1,\"name\":\"Portada\",\"item\":\"https:\/\/afambcossio.es\/\"},{\"@type\":\"ListItem\",\"position\":2,\"name\":\"Junta directiva\"}]},{\"@type\":\"WebSite\",\"@id\":\"https:\/\/afambcossio.es\/#website\",\"url\":\"https:\/\/afambcossio.es\/\",\"name\":\"AFA MB Cossio\",\"description\":\"Un AFA para unirnos a tod@s\",\"publisher\":{\"@id\":\"https:\/\/afambcossio.es\/#organization\"},\"potentialAction\":[{\"@type\":\"SearchAction\",\"target\":{\"@type\":\"EntryPoint\",\"urlTemplate\":\"https:\/\/afambcossio.es\/?s={search_term_string}\"},\"query-input\":\"required name=search_term_string\"}],\"inLanguage\":\"es\"},{\"@type\":\"Organization\",\"@id\":\"https:\/\/afambcossio.es\/#organization\",\"name\":\"AFA MB Cossio\",\"url\":\"https:\/\/afambcossio.es\/\",\"logo\":{\"@type\":\"ImageObject\",\"inLanguage\":\"es\",\"@id\":\"https:\/\/afambcossio.es\/#\/schema\/logo\/image\/\",\"url\":\"https:\/\/afambcossio.es\/wp-content\/uploads\/2024\/02\/logo.png\",\"contentUrl\":\"https:\/\/afambcossio.es\/wp-content\/uploads\/2024\/02\/logo.png\",\"width\":261,\"height\":295,\"caption\":\"AFA MB Cossio\"},\"image\":{\"@id\":\"https:\/\/afambcossio.es\/#\/schema\/logo\/image\/\"}}]}<\/script>\n<!-- \/ Yoast SEO plugin. -->","yoast_head_json":{"title":"Junta directiva - AFA MB Cossio","robots":{"index":"index","follow":"follow","max-snippet":"max-snippet:-1","max-image-preview":"max-image-preview:large","max-video-preview":"max-video-preview:-1"},"canonical":"https:\/\/afambcossio.es\/?page_id=109","og_locale":"es_ES","og_type":"article","og_title":"Junta directiva - AFA MB Cossio","og_description":"La Junta Directiva se elige en Asamblea General Extraordinaria, de modo democr\u00e1tico entre los candidatos que se presentan voluntariamente. Son [&hellip;]","og_url":"https:\/\/afambcossio.es\/?page_id=109","og_site_name":"AFA MB Cossio","article_modified_time":"2024-05-20T08:33:29+00:00","og_image":[{"url":"https:\/\/afambcossio.es\/wp-content\/uploads\/2024\/03\/organigrama_junta.png"}],"twitter_card":"summary_large_image","twitter_misc":{"Tiempo de lectura":"2 minutos"},"schema":{"@context":"https:\/\/schema.org","@graph":[{"@type":"WebPage","@id":"https:\/\/afambcossio.es\/?page_id=109","url":"https:\/\/afambcossio.es\/?page_id=109","name":"Junta directiva - AFA MB Cossio","isPartOf":{"@id":"https:\/\/afambcossio.es\/#website"},"primaryImageOfPage":{"@id":"https:\/\/afambcossio.es\/?page_id=109#primaryimage"},"image":{"@id":"https:\/\/afambcossio.es\/?page_id=109#primaryimage"},"thumbnailUrl":"https:\/\/afambcossio.es\/wp-content\/uploads\/2024\/03\/organigrama_junta.png","datePublished":"2024-03-18T22:45:26+00:00","dateModified":"2024-05-20T08:33:29+00:00","breadcrumb":{"@id":"https:\/\/afambcossio.es\/?page_id=109#breadcrumb"},"inLanguage":"es","potentialAction":[{"@type":"ReadAction","target":["https:\/\/afambcossio.es\/?page_id=109"]}]},{"@type":"ImageObject","inLanguage":"es","@id":"https:\/\/afambcossio.es\/?page_id=109#primaryimage","url":"https:\/\/afambcossio.es\/wp-content\/uploads\/2024\/03\/organigrama_junta.png","contentUrl":"https:\/\/afambcossio.es\/wp-content\/uploads\/2024\/03\/organigrama_junta.png","width":681,"height":751},{"@type":"BreadcrumbList","@id":"https:\/\/afambcossio.es\/?page_id=109#breadcrumb","itemListElement":[{"@type":"ListItem","position":1,"name":"Portada","item":"https:\/\/afambcossio.es\/"},{"@type":"ListItem","position":2,"name":"Junta directiva"}]},{"@type":"WebSite","@id":"https:\/\/afambcossio.es\/#website","url":"https:\/\/afambcossio.es\/","name":"AFA MB Cossio","description":"Un AFA para unirnos a tod@s","publisher":{"@id":"https:\/\/afambcossio.es\/#organization"},"potentialAction":[{"@type":"SearchAction","target":{"@type":"EntryPoint","urlTemplate":"https:\/\/afambcossio.es\/?s={search_term_string}"},"query-input":"required name=search_term_string"}],"inLanguage":"es"},{"@type":"Organization","@id":"https:\/\/afambcossio.es\/#organization","name":"AFA MB Cossio","url":"https:\/\/afambcossio.es\/","logo":{"@type":"ImageObject","inLanguage":"es","@id":"https:\/\/afambcossio.es\/#\/schema\/logo\/image\/","url":"https:\/\/afambcossio.es\/wp-content\/uploads\/2024\/02\/logo.png","contentUrl":"https:\/\/afambcossio.es\/wp-content\/uploads\/2024\/02\/logo.png","width":261,"height":295,"caption":"AFA MB Cossio"},"image":{"@id":"https:\/\/afambcossio.es\/#\/schema\/logo\/image\/"}}]}},"_links":{"self":[{"href":"https:\/\/afambcossio.es\/index.php?rest_route=\/wp\/v2\/pages\/109","targetHints":{"allow":["GET"]}}],"collection":[{"href":"https:\/\/afambcossio.es\/index.php?rest_route=\/wp\/v2\/pages"}],"about":[{"href":"https:\/\/afambcossio.es\/index.php?rest_route=\/wp\/v2\/types\/page"}],"author":[{"embeddable":true,"href":"https:\/\/afambcossio.es\/index.php?rest_route=\/wp\/v2\/users\/1"}],"replies":[{"embeddable":true,"href":"https:\/\/afambcossio.es\/index.php?rest_route=%2Fwp%2Fv2%2Fcomments&post=109"}],"version-history":[{"count":6,"href":"https:\/\/afambcossio.es\/index.php?rest_route=\/wp\/v2\/pages\/109\/revisions"}],"predecessor-version":[{"id":170,"href":"https:\/\/afambcossio.es\/index.php?rest_route=\/wp\/v2\/pages\/109\/revisions\/170"}],"wp:attachment":[{"href":"https:\/\/afambcossio.es\/index.php?rest_route=%2Fwp%2Fv2%2Fmedia&parent=109"}],"curies":[{"name":"wp","href":"https:\/\/api.w.org\/{rel}","templated":true}]}}